{"id":127,"date":"2016-08-26T19:45:56","date_gmt":"2016-08-26T19:45:56","guid":{"rendered":"https:\/\/www.moapavalleybuilders.com\/?post_type=model&#038;p=758"},"modified":"2018-01-05T18:07:49","modified_gmt":"2018-01-05T18:07:49","slug":"employment-based-green-card","status":"publish","type":"page","link":"https:\/\/www.gottschalk.law\/es\/employment-based-green-card\/","title":{"rendered":"Greencards Basada en Empleo o Inversi\u00f3n"},"content":{"rendered":"<div class=\"wpb-content-wrapper\">[mk_page_section bg_image=\u00bbhttps:\/\/www.gottschalk.law\/wp-content\/uploads\/sites\/22\/2016\/09\/valley-of-fire.jpg\u00bb bg_position=\u00bbcenter center\u00bb bg_repeat=\u00bbno-repeat\u00bb bg_stretch=\u00bbtrue\u00bb video_color_mask=\u00bb#56100d\u00bb video_opacity=\u00bb0.3&#8243; min_height=\u00bb400&#8243; js_vertical_centered=\u00bbtrue\u00bb sidebar=\u00bbsidebar-1&#8243;][vc_column][mk_fancy_title color=\u00bb#ffffff\u00bb size=\u00bb35&#8243; font_family=\u00bbnone\u00bb]\n<p style=\"text-align: center\">Greencards Basada en Empleo o Inversi\u00f3n<\/p>\n[\/mk_fancy_title][vc_column_text]\n<p style=\"text-align: center\"><span style=\"color: #ffffff\">El congreso ha asignado un cierto n\u00famero de visas para individuos que desean inmigrar hacia los EE.UU. basados en empleo o inversi\u00f3n y quienes califican en al menos una de las siguientes categor\u00edas<\/span><\/p>\n[\/vc_column_text][\/vc_column][\/mk_page_section][mk_page_section][vc_column width=\u00bb1\/2&#8243;][vc_row_inner css=\u00bb.vc_custom_1488524542531{background-color: #ffffff !important;}\u00bb][vc_column_inner css=\u00bb.vc_custom_1489264552359{margin-top: 40px !important;}\u00bb][vc_column_text]\n<p style=\"text-align: center;font-size: 20px\"><strong>Habilidad Extraordinaria, Investigadores Destacados y Ejecutivos Multinacionales\u00a0<\/strong><\/p>\n[\/vc_column_text][vc_single_image image=\u00bb180&#8243; img_size=\u00bbfull\u00bb alignment=\u00bbcenter\u00bb css=\u00bb.vc_custom_1489264575233{margin-bottom: 10px !important;}\u00bb][\/vc_column_inner][\/vc_row_inner][vc_column_text]\n<ul>\n<li style=\"text-align: justify\">Si usted es una persona con extraordinaria habilidad usted puede calificar para una greencard si puede probar que ha sostenido aclamaci\u00f3n nacional o internacional en el campo de ciencia, arte, educaci\u00f3n, negocios o atletismo y que usted busca continuar trabajando una vez que est\u00e9 en los EE.UU. en esa \u00e1rea. No hay requerimiento de una oferta de trabajo.<\/li>\n<li style=\"text-align: justify\">Profesores o Investigadores tambi\u00e9n califican mostrando reconocimiento destacado internacionalmente en una \u00e1rea acad\u00e9mica espec\u00edfica, al tener 3 a\u00f1os de experiencia en el \u00e1rea acad\u00e9mica y al buscar trabajar para un empleador de los EE.UU. en la misma \u00e1rea del logro acad\u00e9mico.<\/li>\n<li style=\"text-align: justify\">Ejecutivos\/Gerentes Multinacionales califican si ellos han estado empleados en el extranjero por 1 a\u00f1o por la misma compa\u00f1\u00eda, tienen una oferta de trabajo de una entidad de EE.UU. y buscan continuar trabajando en capacidad de gerente o ejecutivo.<\/li>\n<\/ul>\n[\/vc_column_text][vc_row_inner css=\u00bb.vc_custom_1488463755198{background-color: #ffffff !important;}\u00bb][vc_column_inner css=\u00bb.vc_custom_1489264731869{margin-top: 40px !important;}\u00bb][vc_column_text]\n<p style=\"text-align: center;font-size: 20px\"><strong>\u00a0Trabajadores Religiosos y Otros Inmigrantes Especiales<\/strong><\/p>\n[\/vc_column_text][vc_single_image image=\u00bb406&#8243; img_size=\u00bbfull\u00bb alignment=\u00bbcenter\u00bb css=\u00bb.vc_custom_1489264742764{margin-bottom: 10px !important;}\u00bb][\/vc_column_inner][\/vc_row_inner][vc_column_text]\n<ul>\n<li style=\"text-align: justify\">Trabajadores religiosos pueden aplicar por una visa de inmigrante por al menos dos a\u00f1os, si ellos han sido miembros de una denominaci\u00f3n religiosa y que buscan ser admitidos en los EE.UU. Para trabajar a tiempo completo en una organizaci\u00f3n religiosa, en una vocaci\u00f3n religiosa u ocupaci\u00f3n. Otras categor\u00edas especiales de inmigrantes incluyen:<\/li>\n<li style=\"text-align: justify\">Acto de Violencia Contra las Mujeres (VAWA por sus siglas en ingles), que incluye auto-peticiones de esposas golpeadas o abusadas, padres o ni\u00f1os de ciudadanos de EE.UU. o residentes permanentes.<\/li>\n<li style=\"text-align: justify\">Los menores que est\u00e1n en custodia de la corte en EEUU.<\/li>\n<li style=\"text-align: justify\">Empleados de la Compa\u00f1\u00eda del Canal de Panam\u00e1, Empleado de una Organizaci\u00f3n Internacional o miembro familiar; miembro de las fuerzas armadas; nacional de Afganist\u00e1n o Iraq que apoy\u00f3 a las fuerzas armadas de los EE.UU. como traductor; nacional de Iraq que trabaj\u00f3 para el gobierno de los EE.UU. en Iraq o un nacional Afgano que trabaj\u00f3 para el gobierno de los EE.UU. en Afganist\u00e1n.<\/li>\n<\/ul>\n[\/vc_column_text][vc_row_inner css=\u00bb.vc_custom_1488464013295{background-color: #ffffff !important;}\u00bb][vc_column_inner css=\u00bb.vc_custom_1489264887509{margin-top: 40px !important;}\u00bb][vc_column_text]\n<p style=\"text-align: center;font-size: 20px\">\u00a0<strong>Inversor Inmigrante<\/strong><\/p>\n[\/vc_column_text][vc_single_image image=\u00bb408&#8243; img_size=\u00bbfull\u00bb alignment=\u00bbcenter\u00bb css=\u00bb.vc_custom_1489264830564{margin-bottom: 10px !important;}\u00bb][\/vc_column_inner][\/vc_row_inner][vc_column_text]El prop\u00f3sito de esta categor\u00eda es el de estimular la econom\u00eda de EE.UU. a trav\u00e9s de la creaci\u00f3n de trabajos e inversi\u00f3n de capital de inversionistas extranjeros. Requiere:<\/p>\n<ul>\n<li>El establecimiento de una nueva empresa comercial con fines de lucro.<\/li>\n<li>Crear al menos 10 trabajos a tiempo completo para trabajadores de EE.UU. calificados dentro de dos a\u00f1os de la Residencia Permanente Condicional de Inversionista.<\/li>\n<li>Una inversi\u00f3n en los EE.UU. de al menos 1 mill\u00f3n de d\u00f3lares o 500.000 d\u00f3lares si la inversi\u00f3n es en un \u00e1rea de alto desempleo o \u00e1rea rural en los EE.UU.<\/li>\n<\/ul>\n[\/vc_column_text][\/vc_column][vc_column width=\u00bb1\/2&#8243;][vc_row_inner css=\u00bb.vc_custom_1488524572294{background-color: #ffffff !important;}\u00bb][vc_column_inner css=\u00bb.vc_custom_1489264560623{margin-top: 40px !important;}\u00bb][vc_column_text]\n<p style=\"text-align: center;font-size: 20px\"><strong>Trabajores Con Capacidad Excepcional y de Inter\u00e9s Nacional<\/strong><\/p>\n[\/vc_column_text][vc_single_image image=\u00bb388&#8243; img_size=\u00bblarge\u00bb alignment=\u00bbcenter\u00bb css=\u00bb.vc_custom_1489264583382{margin-bottom: 10px !important;}\u00bb][\/vc_column_inner][\/vc_row_inner][vc_column_text]\n<ul>\n<li style=\"text-align: justify\">Individuos con t\u00edtulos avanzados o educaci\u00f3n equivalente y experiencia pueden emigrar a los EE.UU. si tienen una oferta de trabajo que requiera un t\u00edtulo avanzado o su equivalente. En adici\u00f3n, el empleador est\u00e1 requerido a probar el mercado de trabajo para asegurar que el trabajador extranjero buscando inmigrar no est\u00e1 desplazando un trabajador igualmente calificado de EE.UU. (Certificaci\u00f3n de Labor).<\/li>\n<li style=\"text-align: justify\">Trabajadores con una \u201chabilidad excepcional\u201d en las ciencias, artes o negocios que beneficiar\u00e1n substancialmente a la econom\u00eda nacional, cultural e inter\u00e9s educacional y que tienen un oferta de trabajo tambi\u00e9n pueden presentar una aplicaci\u00f3n.<\/li>\n<li style=\"text-align: justify\">Individuos que pueden mostrar \u201chabilidad excepcional\u201d pueden aplicar para una renuncia de inter\u00e9s nacional para renunciar al proceso de certificaci\u00f3n de trabajo mostrando que el individuo ser\u00e1 empleado en un \u00e1rea de m\u00e9rito intr\u00ednseco substancial; el beneficio que ofrece es de alcance nacional, y el inter\u00e9s nacional estar\u00eda negativamente afectado si el proceso de certificaci\u00f3n de trabajo fuera requerido.<\/li>\n<\/ul>\n[\/vc_column_text][vc_row_inner css=\u00bb.vc_custom_1488524609858{background-color: #ffffff !important;}\u00bb][vc_column_inner css=\u00bb.vc_custom_1489264724155{margin-top: 40px !important;}\u00bb][vc_column_text]\n<p style=\"text-align: center;font-size: 20px\"><strong>\u00a0 Trabajadores especializados, profesionales y otros trabadores habilidosos<\/strong><\/p>\n[\/vc_column_text][vc_single_image image=\u00bb189&#8243; img_size=\u00bbfull\u00bb alignment=\u00bbcenter\u00bb css=\u00bb.vc_custom_1489264753160{margin-bottom: 10px !important;}\u00bb][vc_column_text]\n<ul>\n<li style=\"text-align: justify\">Trabajadores Profesionales son esos individuos que tienen un t\u00edtulo de bachillerato de los EE.UU. o el equivalente extranjero y que tienen una oferta de trabajo en una ocupaci\u00f3n profesional donde habitualmente requiere un t\u00edtulo o educaci\u00f3n m\u00e1s alta.<\/li>\n<li style=\"text-align: justify\">Trabajadores habilidosos se refiere a individuos que tienen una oferta de trabajo permanente y requiere al menos 2 a\u00f1os de entrenamiento o experiencia de trabajo.<\/li>\n<li style=\"text-align: justify\">Otros trabajadores se refiere a nacionales extranjeros con menos de 2 a\u00f1os de entrenamiento y experiencia de trabajo.<\/li>\n<\/ul>\n<p style=\"text-align: justify\">Nota que todos los trabajadores de arriba requieren una oferta de trabajo y un requerimiento de certificaci\u00f3n de trabajo al menos que haya una escases de trabajadores en esa \u00e1rea y haya sido reconocido por el departamento de trabajo de EE.UU.<\/p>\n[\/vc_column_text][\/vc_column_inner][\/vc_row_inner][\/vc_column][\/mk_page_section]\n<\/div>","protected":false},"excerpt":{"rendered":"<p>[mk_page_section bg_image=\u00bbhttps:\/\/www.gottschalk.law\/wp-content\/uploads\/sites\/22\/2016\/09\/valley-of-fire.jpg\u00bb bg_position=\u00bbcenter center\u00bb bg_repeat=\u00bbno-repeat\u00bb bg_stretch=\u00bbtrue\u00bb video_color_mask=\u00bb#56100d\u00bb video_opacity=\u00bb0.3&#8243; min_height=\u00bb400&#8243; js_vertical_centered=\u00bbtrue\u00bb sidebar=\u00bbsidebar-1&#8243;][vc_column][mk_fancy_title color=\u00bb#ffffff\u00bb size=\u00bb35&#8243; font_family=\u00bbnone\u00bb] Greencards Basada en Empleo o Inversi\u00f3n [\/mk_fancy_title][vc_column_text] El congreso ha asignado un cierto n\u00famero de visas para individuos que desean inmigrar hacia los EE.UU. basados en empleo o inversi\u00f3n y quienes califican en al menos una de las siguientes categor\u00edas [\/vc_column_text][\/vc_column][\/mk_page_section][mk_page_section][vc_column [&hellip;]<\/p>\n","protected":false},"author":1,"featured_media":0,"parent":0,"menu_order":0,"comment_status":"closed","ping_status":"closed","template":"","meta":{"footnotes":""},"class_list":["post-127","page","type-page","status-publish","hentry"],"_links":{"self":[{"href":"https:\/\/www.gottschalk.law\/es\/wp-json\/wp\/v2\/pages\/127","targetHints":{"allow":["GET"]}}],"collection":[{"href":"https:\/\/www.gottschalk.law\/es\/wp-json\/wp\/v2\/pages"}],"about":[{"href":"https:\/\/www.gottschalk.law\/es\/wp-json\/wp\/v2\/types\/page"}],"author":[{"embeddable":true,"href":"https:\/\/www.gottschalk.law\/es\/wp-json\/wp\/v2\/users\/1"}],"replies":[{"embeddable":true,"href":"https:\/\/www.gottschalk.law\/es\/wp-json\/wp\/v2\/comments?post=127"}],"version-history":[{"count":36,"href":"https:\/\/www.gottschalk.law\/es\/wp-json\/wp\/v2\/pages\/127\/revisions"}],"predecessor-version":[{"id":563,"href":"https:\/\/www.gottschalk.law\/es\/wp-json\/wp\/v2\/pages\/127\/revisions\/563"}],"wp:attachment":[{"href":"https:\/\/www.gottschalk.law\/es\/wp-json\/wp\/v2\/media?parent=127"}],"curies":[{"name":"wp","href":"https:\/\/api.w.org\/{rel}","templated":true}]}}