{"id":136,"date":"2016-08-26T19:59:51","date_gmt":"2016-08-26T19:59:51","guid":{"rendered":"https:\/\/www.moapavalleybuilders.com\/?post_type=model&#038;p=758"},"modified":"2017-03-11T12:08:02","modified_gmt":"2017-03-11T12:08:02","slug":"links","status":"publish","type":"page","link":"https:\/\/www.gottschalk.law\/es\/links\/","title":{"rendered":"Links"},"content":{"rendered":"[mk_page_section bg_image=\u00bbhttps:\/\/www.gottschalk.law\/wp-content\/uploads\/sites\/22\/2016\/09\/picture-of-lamp.jpg\u00bb bg_position=\u00bbcenter center\u00bb bg_repeat=\u00bbno-repeat\u00bb bg_stretch=\u00bbtrue\u00bb video_color_mask=\u00bb#a83321&#8243; video_opacity=\u00bb0.3&#8243; min_height=\u00bb400&#8243; js_vertical_centered=\u00bbtrue\u00bb sidebar=\u00bbsidebar-1&#8243;][vc_column][mk_fancy_title color=\u00bb#ffffff\u00bb size=\u00bb35&#8243; font_family=\u00bbnone\u00bb]\n<p style=\"text-align: center\">Algunos enlaces importantes<\/p>\n[\/mk_fancy_title][\/vc_column][\/mk_page_section][mk_page_section][vc_column width=\u00bb1\/6&#8243;][\/vc_column][vc_column width=\u00bb2\/3&#8243;][mk_padding_divider][vc_column_text]<strong>Departamento de Seguridad Nacional<\/strong><\/p>\n<p><a href=\"http:\/\/www.uscis.gov\/\" target=\"_blank\">Servicio de Inmigraci\u00f3n y Ciudadan\u00eda de EE.UU. (USCIS)<br \/>\n<\/a>Verifica el <a href=\"https:\/\/egov.uscis.gov\/casestatus\/landing.do\" target=\"_blank\">estatus de tu cas<\/a>o con USCIS si tienes el n\u00famero de recibo<br \/>\n<a href=\"https:\/\/egov.uscis.gov\/cris\/processTimesDisplayInit.do\" target=\"_blank\">Tiempos de Procesamiento de USCIS<\/a><\/p>\n<p><strong>Departamento de Estado de EE.UU. (DOS)<\/strong><\/p>\n<p>Verifica el <a href=\"https:\/\/ceac.state.gov\/ceacstattracker\/status.aspx\" target=\"_blank\">estatus de tu caso<\/a> con DOS si t\u00fa tienes un n\u00famero de caso de visa de inmigrante<br \/>\nVerifica el <a href=\"http:\/\/travel.state.gov\/content\/visas\/english\/law-and-policy\/bulletin.html\" target=\"_blank\">bolet\u00edn de visa<\/a> del DOS para verificar las fechas de prioridad de tu visa de inmigrante<br \/>\n<a href=\"http:\/\/www.usembassy.gov\/\" target=\"_blank\">Lista de los Consulados de EE.UU. en el extranjero<br \/>\n<\/a>Informaci\u00f3n acerca del <a href=\"http:\/\/travel.state.gov\/content\/visas\/english\/immigrate\/diversity-visa\/Diversity-2015-Instructions.html\">Programa de Diversidad de Visa<\/a> (loter\u00eda de Visa)<\/p>\n<p><strong>Departamento de Trabajo de EE.UU (DOL)<\/strong><\/p>\n<p>Verifica los <a href=\"https:\/\/icert.doleta.gov\/\" target=\"_blank\">tiempos de procesamiento<\/a> de tu caso PERM[\/vc_column_text][\/vc_column][vc_column width=\u00bb1\/6&#8243;][\/vc_column][\/mk_page_section]","protected":false},"excerpt":{"rendered":"<p>[mk_page_section bg_image=\u00bbhttps:\/\/www.gottschalk.law\/wp-content\/uploads\/sites\/22\/2016\/09\/picture-of-lamp.jpg\u00bb bg_position=\u00bbcenter center\u00bb bg_repeat=\u00bbno-repeat\u00bb bg_stretch=\u00bbtrue\u00bb video_color_mask=\u00bb#a83321&#8243; video_opacity=\u00bb0.3&#8243; min_height=\u00bb400&#8243; js_vertical_centered=\u00bbtrue\u00bb sidebar=\u00bbsidebar-1&#8243;][vc_column][mk_fancy_title color=\u00bb#ffffff\u00bb size=\u00bb35&#8243; font_family=\u00bbnone\u00bb] Algunos enlaces importantes [\/mk_fancy_title][\/vc_column][\/mk_page_section][mk_page_section][vc_column width=\u00bb1\/6&#8243;][\/vc_column][vc_column width=\u00bb2\/3&#8243;][mk_padding_divider][vc_column_text]Departamento de Seguridad Nacional Servicio de Inmigraci\u00f3n y Ciudadan\u00eda de EE.UU. (USCIS) Verifica el estatus de tu caso con USCIS si tienes el n\u00famero de recibo Tiempos de Procesamiento de USCIS Departamento de Estado de EE.UU. [&hellip;]<\/p>\n","protected":false},"author":1,"featured_media":0,"parent":0,"menu_order":0,"comment_status":"closed","ping_status":"closed","template":"","meta":{"footnotes":""},"class_list":["post-136","page","type-page","status-publish","hentry"],"_links":{"self":[{"href":"https:\/\/www.gottschalk.law\/es\/wp-json\/wp\/v2\/pages\/136","targetHints":{"allow":["GET"]}}],"collection":[{"href":"https:\/\/www.gottschalk.law\/es\/wp-json\/wp\/v2\/pages"}],"about":[{"href":"https:\/\/www.gottschalk.law\/es\/wp-json\/wp\/v2\/types\/page"}],"author":[{"embeddable":true,"href":"https:\/\/www.gottschalk.law\/es\/wp-json\/wp\/v2\/users\/1"}],"replies":[{"embeddable":true,"href":"https:\/\/www.gottschalk.law\/es\/wp-json\/wp\/v2\/comments?post=136"}],"version-history":[{"count":13,"href":"https:\/\/www.gottschalk.law\/es\/wp-json\/wp\/v2\/pages\/136\/revisions"}],"predecessor-version":[{"id":499,"href":"https:\/\/www.gottschalk.law\/es\/wp-json\/wp\/v2\/pages\/136\/revisions\/499"}],"wp:attachment":[{"href":"https:\/\/www.gottschalk.law\/es\/wp-json\/wp\/v2\/media?parent=136"}],"curies":[{"name":"wp","href":"https:\/\/api.w.org\/{rel}","templated":true}]}}