{"id":203,"date":"2016-09-22T04:26:38","date_gmt":"2016-09-22T04:26:38","guid":{"rendered":"https:\/\/www.moapavalleybuilders.com\/?post_type=model&#038;p=758"},"modified":"2019-01-02T20:02:29","modified_gmt":"2019-01-02T20:02:29","slug":"test-home-2","status":"publish","type":"page","link":"https:\/\/www.gottschalk.law\/es\/","title":{"rendered":"CASA"},"content":{"rendered":"<div class=\"wpb-content-wrapper\">[mk_page_section bg_image=\u00bbhttps:\/\/www.gottschalk.law\/wp-content\/uploads\/sites\/22\/2016\/09\/road-1303617_1920.jpg\u00bb bg_position=\u00bbcenter center\u00bb enable_3d=\u00bbtrue\u00bb speed_factor=\u00bb0.1&#8243; bg_gradient=\u00bbradial\u00bb video_color_mask=\u00bb#1e73be\u00bb gr_end=\u00bb#dd3333&#8243; video_opacity=\u00bb0.1&#8243; min_height=\u00bb500&#8243; js_vertical_centered=\u00bbtrue\u00bb skip_arrow=\u00bbtrue\u00bb sidebar=\u00bbsidebar-1&#8243;][vc_column][vc_column_text animation=\u00bbflip-x\u00bb el_class=\u00bbhome_page_header\u00bb]\n<h3 style=\"text-align: left\"><span style=\"color: #ffffff\">Abogada<\/span><\/h3>\n<h3 style=\"text-align: left\"><span style=\"color: #ffffff\">Ley de Inmigraci\u00f3n de Negocios en los EE.UU<\/span><\/h3>\n[\/vc_column_text][vc_row_inner][vc_column_inner width=\u00bb1\/4&#8243;][mk_button corner_style=\u00bbfull_rounded\u00bb size=\u00bbmedium\u00bb url=\u00bbhttps:\/\/www.gottschalk.law\/es\/about-nathalie-gottschalk\/\u00bb]Sobre Nathalie Gottschalk[\/mk_button][\/vc_column_inner][vc_column_inner width=\u00bb1\/2&#8243;][\/vc_column_inner][vc_column_inner width=\u00bb1\/4&#8243;][\/vc_column_inner][\/vc_row_inner][\/vc_column][\/mk_page_section][mk_page_section padding_top=\u00bb0&#8243; padding_bottom=\u00bb0&#8243; sidebar=\u00bbsidebar-1&#8243;][vc_column][mk_padding_divider size=\u00bb30&#8243;][vc_row_inner][vc_column_inner width=\u00bb1\/2&#8243;][vc_text_separator title=\u00bbLa Firma\u00bb i_color=\u00bbjuicy_pink\u00bb add_icon=\u00bbtrue\u00bb][vc_column_text]\n<p style=\"text-align: justify\">Ofrezco servicios internacionales y nacionales de inmigraci\u00f3n a Estados Unidos por tel\u00e9fono, correo electr\u00f3nico, Skype y courrier de un d\u00eda al otro. Puesto que la ley de inmigraci\u00f3n EE.UU. est\u00e1 regulada por la ley federal, estoy en condiciones de ofrecer servicios a usted y a su negocio en cualquier estado o pa\u00eds. Haciendo uso de la tecnolog\u00eda moderna, puedo proporcionarle el mismo nivel de calidad de asesor\u00eda legal donde quiera que viva o trabaje, cerca de mi oficina de Las Vegas o cualquier lugar del mundo. Hablo fluidamente el franc\u00e9s y el espa\u00f1ol, adem\u00e1s del ingl\u00e9s, para servir mejor y ayudar a mis clientes de todo el mundo.<\/p>\n[\/vc_column_text][mk_button corner_style=\u00bbfull_rounded\u00bb size=\u00bbmedium\u00bb url=\u00bbhttps:\/\/www.gottschalk.law\/es\/firm\/\u00bb align=\u00bbcenter\u00bb]\u00bfPor qu\u00e9 elegirnos?[\/mk_button][\/vc_column_inner][vc_column_inner width=\u00bb1\/4&#8243;][vc_text_separator title=\u00bb\u00c1REAS DE PR\u00c1CTICA\u00bb i_icon_fontawesome=\u00bbfa fa-bars\u00bb i_color=\u00bbjuicy_pink\u00bb add_icon=\u00bbtrue\u00bb][mk_custom_list]\n<ul>\n<li><a href=\"https:\/\/www.gottschalk.law\/es\/employment-based-green-card\/\">Inmigraci\u00f3n de Negocios<\/a><\/li>\n<li><a href=\"https:\/\/www.gottschalk.law\/es\/temporary-work-visas\/\">Visas de trabajo temporales<\/a><\/li>\n<li><a href=\"https:\/\/www.gottschalk.law\/es\/employment-based-green-card\/\">Visas de inversionista<\/a><\/li>\n<li><a href=\"https:\/\/www.gottschalk.law\/immigration-due-diligence-in-m-a\/\"><span style=\"font-weight: 400\">Debida Diligencia de Inmigraci\u00f3n en Fusiones y Adquisiciones<\/span><\/a><\/li>\n<li>Ajuste y cambio de Estado<\/li>\n<li>Proceso Consular<\/li>\n<\/ul>\n<p><img decoding=\"async\" src=\"https:\/\/www.gottschalk.law\/wp-content\/uploads\/sites\/22\/2017\/03\/3cb09c_f6117ff47e6142cf85e96e0492b5bf2d.jpg\" alt=\"\" \/><br \/>\n<a href=\"https:\/\/www.avvo.com\/attorneys\/89074-nv-nathalie-gottschalk-4287560.html?cm_mmc=Avvo-_-Avvo_Badge-_-Micro-_-4287560\" target=\"_blank\" rel=\"noopener\"><br \/>\n<img decoding=\"async\" src=\"https:\/\/www.gottschalk.law\/wp-content\/uploads\/sites\/22\/2017\/03\/3cb09c_3b4dee8140914305b1fe8a9c8c2b73e2.jpg\" alt=\"\" \/><br \/>\n<\/a><br \/>\n<!--more--><\/p>\n<p><!--more-->[\/mk_custom_list][\/vc_column_inner][vc_column_inner width=\u00bb1\/4&#8243;][vc_text_separator title=\u00bbFAQs\u00bb i_icon_fontawesome=\u00bbfa fa-question-circle\u00bb i_color=\u00bbjuicy_pink\u00bb add_icon=\u00bbtrue\u00bb][vc_raw_html]JTNDJTIxLS0lMjBiZWdpbiUyMGF2dm8lMjBhbnN3ZXJzJTIwLS0lM0UlM0NkaXYlMjBpZCUzRCUyMmF2dm9fYW5zd2VycyUyMiUyMCUwQXN0eWxlJTNEJTIyd2lkdGglM0ExMDAlMjUlM0JoZWlnaHQlM0EzMDBweCUzQi13ZWJraXQtb3ZlcmZsb3ctc2Nyb2xsaW5nJTNBdG91Y2glM0JvdmVyZmxvdy0lMEF5JTNBaGlkZGVuJTNCJTIyJTNFJTNDaWZyYW1lJTIwd2lkdGglM0QlMjI5OSUyNSUyMiUyMGhlaWdodCUzRCUyMjEwMCUyNSUyMiUyMCUwQXNyYyUzRCUyMmh0dHBzJTNBJTJGJTJGd3d3LmF2dm8uY29tJTJGYXR0b3JuZXlzJTJGYW5zd2VyX3N5bmRpY2F0aW9uX2xpc3QlMkY4OTA3NC1udi1uYXRoYWxpZS0lMEFnb3R0c2NoYWxrLTQyODc1NjAuaHRtbCUyMiUzRSUzQyUyRmlmcmFtZSUzRSUzQyUyRmRpdiUzRSUzQ25vc2NyaXB0JTNFJTNDYSUyMCUwQWhyZWYlM0QlMjJodHRwcyUzQSUyRiUyRnd3dy5hdnZvLmNvbSUyRiUyMiUzRUdldCUyMG15JTIwYW5zd2VycyUyMHRvJTIwbGVnYWwlMjBxdWVzdGlvbnMlMjBhdCUyMCUwQUF2dm8uY29tJTNDJTJGYSUzRSUzQyUyRm5vc2NyaXB0JTNFJTNDJTIxLS0lMjBlbmQlMjBhdnZvJTIwYW5zd2VycyUyMC0tJTNF[\/vc_raw_html][\/vc_column_inner][\/vc_row_inner][mk_padding_divider size=\u00bb20&#8243;][\/vc_column][\/mk_page_section]\n<\/div>","protected":false},"excerpt":{"rendered":"<p>Disculpa, pero esta entrada est\u00e1 disponible s\u00f3lo en English.<\/p>\n","protected":false},"author":3,"featured_media":0,"parent":0,"menu_order":0,"comment_status":"closed","ping_status":"closed","template":"","meta":{"footnotes":""},"class_list":["post-203","page","type-page","status-publish","hentry"],"_links":{"self":[{"href":"https:\/\/www.gottschalk.law\/es\/wp-json\/wp\/v2\/pages\/203","targetHints":{"allow":["GET"]}}],"collection":[{"href":"https:\/\/www.gottschalk.law\/es\/wp-json\/wp\/v2\/pages"}],"about":[{"href":"https:\/\/www.gottschalk.law\/es\/wp-json\/wp\/v2\/types\/page"}],"author":[{"embeddable":true,"href":"https:\/\/www.gottschalk.law\/es\/wp-json\/wp\/v2\/users\/3"}],"replies":[{"embeddable":true,"href":"https:\/\/www.gottschalk.law\/es\/wp-json\/wp\/v2\/comments?post=203"}],"version-history":[{"count":90,"href":"https:\/\/www.gottschalk.law\/es\/wp-json\/wp\/v2\/pages\/203\/revisions"}],"predecessor-version":[{"id":691,"href":"https:\/\/www.gottschalk.law\/es\/wp-json\/wp\/v2\/pages\/203\/revisions\/691"}],"wp:attachment":[{"href":"https:\/\/www.gottschalk.law\/es\/wp-json\/wp\/v2\/media?parent=203"}],"curies":[{"name":"wp","href":"https:\/\/api.w.org\/{rel}","templated":true}]}}