{"id":24,"date":"2016-08-26T14:01:31","date_gmt":"2016-08-26T14:01:31","guid":{"rendered":"https:\/\/www.moapavalleybuilders.com\/?post_type=model&#038;p=758"},"modified":"2023-12-21T18:19:38","modified_gmt":"2023-12-21T18:19:38","slug":"firm","status":"publish","type":"page","link":"https:\/\/www.gottschalk.law\/es\/firm\/","title":{"rendered":"EL Cabinete"},"content":{"rendered":"[mk_page_section bg_image=\u00bbhttps:\/\/www.gottschalk.law\/wp-content\/uploads\/sites\/22\/2016\/09\/valley-of-fire4.jpg\u00bb bg_position=\u00bbcenter bottom\u00bb bg_repeat=\u00bbno-repeat\u00bb bg_stretch=\u00bbtrue\u00bb video_opacity=\u00bb0&#8243; min_height=\u00bb500&#8243; sidebar=\u00bbsidebar-1&#8243;][vc_column][mk_fancy_title color=\u00bb#ffffff\u00bb size=\u00bb35&#8243; font_family=\u00bbnone\u00bb]\n<p style=\"text-align: center;margin-top: 130px\">EL Cabinete<\/p>\n<p style=\"text-align: center\">\u00bfPor qu\u00e9 contratarnos?<\/p>\n[\/mk_fancy_title][\/vc_column][\/mk_page_section][mk_page_section][vc_column width=\u00bb1\/3&#8243;][mk_padding_divider size=\u00bb20&#8243;][mk_fancy_title size=\u00bb20&#8243; font_family=\u00bbnone\u00bb]\n<p style=\"text-align: center\"><strong>Entendiendo sus metas y necesidades<\/strong><\/p>\n[\/mk_fancy_title][vc_column_text]\n<p style=\"text-align: justify\">Mi deber como su abogado es evaluar su caso a fondo y de manera justa. Una vez que entiendo sus objetivos y necesidades, puedo ayudarle a explorar las v\u00edas legales que est\u00e1n disponibles para usted, su familia o su negocio.<\/p>\n<p style=\"text-align: justify\">No est\u00e1 en mi inter\u00e9s el hecho de tomar su caso si no va a ser un \u00e9xito. Voy a manejar su caso de principio a fin y crear\u00e9 una estrategia legal personalizada y trabajar personalmente con usted para lograr sus objetivos. Me limito el n\u00famero de casos que tomo porque valoro mi excelente registro y la relaci\u00f3n que desarrollo con mis clientes.<\/p>\n<p style=\"text-align: justify\">Soy detallista, amable, compasiva, y porque yo tambi\u00e9n soy un inmigrante y tuve que pasar por los mismos procedimientos que todos los que quieren trabajar o emigrar a los EE.UU., entiendo las necesidades \u00fanicas y los problemas a los cuales mis clientes se enfrentan.<\/p>\n<p style=\"text-align: justify\">He estado practicando la ley de inmigraci\u00f3n durante m\u00e1s de 10 a\u00f1os y estoy muy familiarizada con los procedimientos y las tendencias de USCIS, sus centros de servicio, la oficina local en Las Vegas y consulados de Estados Unidos en el extranjero. Yo le dar\u00e9 un an\u00e1lisis honesto del resultado probable de su caso, que es una parte cr\u00edtica para que usted tome una decisi\u00f3n informada.<\/p>\n[\/vc_column_text][\/vc_column][vc_column width=\u00bb1\/3&#8243;][mk_padding_divider size=\u00bb20&#8243;][mk_fancy_title size=\u00bb20&#8243; font_family=\u00bbnone\u00bb]\n<p style=\"text-align: center\"><strong>Atenci\u00f3n y Cuidado Personalizado<\/strong><\/p>\n[\/mk_fancy_title][vc_column_text]\n<p style=\"text-align: justify\">Los servicios legales que proporciono no son una firma de \u00abtalla \u00fanica que le cabe a todos\u00bb y me siento orgullosa de recibir y hacer mis propias llamadas personalmente. Me he comprometido a devolver sus llamadas telef\u00f3nicas con prontitud porque sus preguntas y preocupaciones son importantes para m\u00ed. Reconozco que cada cliente tiene sus propias necesidades y, como tal, no puedo proporcionar una representaci\u00f3n legal de \u00abmolde\u00bb. La ventaja de ser una firma peque\u00f1a es la flexibilidad para adaptar f\u00e1cilmente mi representaci\u00f3n legal para hacer frente a sus necesidades y obtener el mejor resultado para su caso.<\/p>\n[\/vc_column_text][mk_fancy_title size=\u00bb20&#8243; font_family=\u00bbnone\u00bb]\n<p style=\"text-align: center\"><strong>Reputaci\u00f3n<\/strong><\/p>\n[\/mk_fancy_title][vc_column_text]\n<p style=\"text-align: justify\">Usted es m\u00e1s que un cliente para m\u00ed. Mi firma se siente honrada cuando los clientes dependen de mis servicios para manejar algunas de las preocupaciones m\u00e1s significativas de sus vidas o negocios. Valoro la confianza que se me da.<\/p>\n<p style=\"text-align: justify\">Me baso en mi reputaci\u00f3n para atraer nuevos clientes. La mayor\u00eda de mis clientes vienen a m\u00ed de referencias, de antiguos clientes satisfechos, organizaciones sin \u00e1nimo de lucro, consulados extranjeros en los EE.UU o de otros abogados que no manejan casos de inmigraci\u00f3n, pero que est\u00e1n familiarizados con mi reputaci\u00f3n.<\/p>\n[\/vc_column_text][\/vc_column][vc_column width=\u00bb1\/3&#8243;][mk_padding_divider size=\u00bb20&#8243;][mk_fancy_title size=\u00bb20&#8243; font_family=\u00bbnone\u00bb]\n<p style=\"text-align: center\"><strong>Consulta Inicial<\/strong><\/p>\n[\/mk_fancy_title][vc_column_text]\n<p style=\"text-align: justify\">En mi consulta inicial se discute su caso y sus preocupaciones. Le dar\u00e9 una evaluaci\u00f3n de buena fe antes de acceder a representarlo.<\/p>\n[\/vc_column_text][mk_fancy_title size=\u00bb20&#8243; font_family=\u00bbnone\u00bb]\n<p style=\"text-align: center\"><strong>Asequible<\/strong><\/p>\n[\/mk_fancy_title][vc_column_text]\n<p style=\"text-align: justify\">Mis clientes disfrutan los beneficios de una representaci\u00f3n legal de alta calidad sin tener que pagar grandes costos de firmas. Proporciono una alternativa integral y rentable para las empresas e individuos en necesidad de un abogado de inmigraci\u00f3n con experiencia. Ofrezco opciones de tarifa plana, planes de pago para ayudar a controlar los costos. Adicional a su consulta inicial gratuita, voy a tratar con el Departamento de Seguridad Nacional las molestias y el papeleo mientras que usted puede concentrarse en su negocio y la vida cotidiana con sus seres queridos.<\/p>\n[\/vc_column_text][mk_fancy_title size=\u00bb20&#8243; font_family=\u00bbnone\u00bb]\n<p style=\"text-align: center\"><strong>Diverso<\/strong><\/p>\n[\/mk_fancy_title][vc_column_text]\n<p style=\"text-align: justify\">La firma legal est\u00e1 operada y manejada por una mujer latina. Est\u00e1 dedicada a conectar con los clientes al igual que avanzar su compromiso para la diversidad e inclusi\u00f3n.<\/p>\n[\/vc_column_text][\/vc_column][\/mk_page_section]","protected":false},"excerpt":{"rendered":"<p>[mk_page_section bg_image=\u00bbhttps:\/\/www.gottschalk.law\/wp-content\/uploads\/sites\/22\/2016\/09\/valley-of-fire4.jpg\u00bb bg_position=\u00bbcenter bottom\u00bb bg_repeat=\u00bbno-repeat\u00bb bg_stretch=\u00bbtrue\u00bb video_opacity=\u00bb0&#8243; min_height=\u00bb500&#8243; sidebar=\u00bbsidebar-1&#8243;][vc_column][mk_fancy_title color=\u00bb#ffffff\u00bb size=\u00bb35&#8243; font_family=\u00bbnone\u00bb] EL Cabinete \u00bfPor qu\u00e9 contratarnos? [\/mk_fancy_title][\/vc_column][\/mk_page_section][mk_page_section][vc_column width=\u00bb1\/3&#8243;][mk_padding_divider size=\u00bb20&#8243;][mk_fancy_title size=\u00bb20&#8243; font_family=\u00bbnone\u00bb] Entendiendo sus metas y necesidades [\/mk_fancy_title][vc_column_text] Mi deber como su abogado es evaluar su caso a fondo y de manera justa. Una vez que entiendo sus objetivos y necesidades, puedo ayudarle a explorar [&hellip;]<\/p>\n","protected":false},"author":1,"featured_media":0,"parent":0,"menu_order":0,"comment_status":"closed","ping_status":"closed","template":"","meta":{"footnotes":""},"class_list":["post-24","page","type-page","status-publish","hentry"],"_links":{"self":[{"href":"https:\/\/www.gottschalk.law\/es\/wp-json\/wp\/v2\/pages\/24","targetHints":{"allow":["GET"]}}],"collection":[{"href":"https:\/\/www.gottschalk.law\/es\/wp-json\/wp\/v2\/pages"}],"about":[{"href":"https:\/\/www.gottschalk.law\/es\/wp-json\/wp\/v2\/types\/page"}],"author":[{"embeddable":true,"href":"https:\/\/www.gottschalk.law\/es\/wp-json\/wp\/v2\/users\/1"}],"replies":[{"embeddable":true,"href":"https:\/\/www.gottschalk.law\/es\/wp-json\/wp\/v2\/comments?post=24"}],"version-history":[{"count":19,"href":"https:\/\/www.gottschalk.law\/es\/wp-json\/wp\/v2\/pages\/24\/revisions"}],"predecessor-version":[{"id":782,"href":"https:\/\/www.gottschalk.law\/es\/wp-json\/wp\/v2\/pages\/24\/revisions\/782"}],"wp:attachment":[{"href":"https:\/\/www.gottschalk.law\/es\/wp-json\/wp\/v2\/media?parent=24"}],"curies":[{"name":"wp","href":"https:\/\/api.w.org\/{rel}","templated":true}]}}