{"id":34,"date":"2016-08-26T14:45:37","date_gmt":"2016-08-26T14:45:37","guid":{"rendered":"https:\/\/www.moapavalleybuilders.com\/?post_type=model&#038;p=758"},"modified":"2023-12-21T18:20:06","modified_gmt":"2023-12-21T18:20:06","slug":"about-nathalie-gottschalk","status":"publish","type":"page","link":"https:\/\/www.gottschalk.law\/es\/about-nathalie-gottschalk\/","title":{"rendered":"ACERCA DE NATHALIE GOTTSCHALK"},"content":{"rendered":"<div class=\"wpb-content-wrapper\">[mk_page_section bg_image=\u00bbhttps:\/\/www.gottschalk.law\/wp-content\/uploads\/sites\/22\/2016\/09\/download.jpg\u00bb bg_repeat=\u00bbno-repeat\u00bb bg_stretch=\u00bbtrue\u00bb video_color_mask=\u00bb#f97352&#8243; video_opacity=\u00bb0.3&#8243; min_height=\u00bb300&#8243; js_vertical_centered=\u00bbtrue\u00bb sidebar=\u00bbsidebar-1&#8243;][vc_column][mk_fancy_title color=\u00bb#ffffff\u00bb size=\u00bb35&#8243; font_family=\u00bbnone\u00bb]\n<p style=\"text-align: center\">ACERCA DE NATHALIE GOTTSCHALK<\/p>\n[\/mk_fancy_title][\/vc_column][\/mk_page_section][vc_row][vc_column][mk_padding_divider size=\u00bb30&#8243;][mk_padding_divider size=\u00bb30&#8243;][\/vc_column][\/vc_row][vc_row][vc_column width=\u00bb2\/3&#8243;][mk_fancy_title size=\u00bb20&#8243; font_family=\u00bbnone\u00bb]\n<p style=\"text-align: center\"><strong>EDUCACI\u00d3N Y PARTICIPACI\u00d3N DE LA COMUNIDAD<\/strong><\/p>\n[\/mk_fancy_title][vc_column_text]\n<p style=\"text-align: justify\">Nathalie Gottschalk es una abogada de Inmigraci\u00f3n de Las Vegas. Ella ha estado practicando en todos los \u00e1mbitos de empleo y de las leyes de inmigraci\u00f3n basada en la familia desde 2004. Nathalie naci\u00f3 en Par\u00eds, Francia, y creci\u00f3 en Quito, Ecuador, donde asisti\u00f3 a una escuela de inmersi\u00f3n francesa.<br \/>\nA los 16 a\u00f1os de edad, se traslad\u00f3 a los Estados Unidos para estudiar Relaciones Internacionales y Literatura Francesa en el Programa de Bachillerato de la Universidad de la Ciudad de Nueva York.<br \/>\nElla asisti\u00f3 a Universit\u00e9 de Paris I Pantheon- Sorbonne en el 2001 a trav\u00e9s de un programa de verano de la Universidad de Cornell. Obtuvo su t\u00edtulo de Doctorado en Derecho en la S. J. Quinney, Universidad de Utah Facultad de Derecho en el 2003.<br \/>\nElla ha ganado una s\u00f3lida comprensi\u00f3n de otras culturas y de las esperanzas de los inmigrantes para un futuro exitoso en los Estados Unidos.<br \/>\nAdem\u00e1s de su pr\u00e1ctica de la ley, ella usa sus habilidades legales para devolver a la comunidad. Se desempe\u00f1\u00f3 como Tesorera para el Cap\u00edtulo de Nevada de la Asociaci\u00f3n de Abogados de Inmigraci\u00f3n estadounidense de 2009-2012 y fue miembro de la Comisi\u00f3n para el Fondo de Seguridad del Cliente en la barra de estado de Nevada desde 2010-12. En Agosto del 2016, se hizo miembro del Comit\u00e9 Asesor de Publicidad en la barra de abogados de Nevada.<br \/>\nNathalie tiene licencia para practicar leyes en Utah, Nevada y Arizona. Ella es tambi\u00e9n un miembro fundador de la Academia de habla francesa de Las Vegas, destinado a promover la lengua y la cultura francesa. Nathalie es fluida en espa\u00f1ol y franc\u00e9s.<\/p>\n[\/vc_column_text][\/vc_column][vc_column width=\u00bb1\/3&#8243;][mk_image src=\u00bbhttps:\/\/www.gottschalk.law\/wp-content\/uploads\/sites\/22\/2016\/08\/pic.png\u00bb image_size=\u00bbfull\u00bb lightbox=\u00bbtrue\u00bb frame_style=\u00bbsingle_line\u00bb title=\u00bbNATHALIE GOTTSCHALK\u00bb][\/vc_column][\/vc_row][vc_row][vc_column][\/vc_column][\/vc_row][mk_page_section][vc_column width=\u00bb2\/3&#8243;][mk_custom_list title=\u00bbMEMBRES\u00cdAS Y LICENCIAS AL COLEGIO DE ABOGADOS\u00bb]\n<ul>\n<li>Miembro activo de la Barra de Abodados de Nevada desde octubre de 2004;<\/li>\n<li>Miembro de la Barra de Abogados del estado de Utah desde junio de 2005 (estatus inactivo);<\/li>\n<li>Miembro de la Barra de Abogados de Arizona desde julio de 2010 (estatus inactivo);<\/li>\n<li>Miembro Activo de la Asociaci\u00f3n Americana de Abogados de Inmigraci\u00f3n (AILA);<\/li>\n<li>Tribunal de Distrito de Estados Unidos para el Distrito de Nevada;<\/li>\n<li>Tribunal de Distrito de Estados Unidos para el Distrito de Utah;<\/li>\n<li>Noveno Circuito del Tribunal de Apelaciones de los Estados Unidos.<\/li>\n<\/ul>\n[\/mk_custom_list][\/vc_column][vc_column width=\u00bb1\/3&#8243;][mk_custom_list title=\u00bbPREMIOS Y RECONOCIMIENTOS\u00bb]\n<ul>\n<li>Reconocimiento De Servicio al Fondo de Seguridad del Cliente, Barra de Abogados del Estado de Nevada 2012;<\/li>\n<li>Club de 50 Horas, Proyecto Pro Bono del Centro de Ayuda Legal del Sur de Nevada 2010.<\/li>\n<\/ul>\n[\/mk_custom_list][\/vc_column][\/mk_page_section]\n<\/div>","protected":false},"excerpt":{"rendered":"<p>[mk_page_section bg_image=\u00bbhttps:\/\/www.gottschalk.law\/wp-content\/uploads\/sites\/22\/2016\/09\/download.jpg\u00bb bg_repeat=\u00bbno-repeat\u00bb bg_stretch=\u00bbtrue\u00bb video_color_mask=\u00bb#f97352&#8243; video_opacity=\u00bb0.3&#8243; min_height=\u00bb300&#8243; js_vertical_centered=\u00bbtrue\u00bb sidebar=\u00bbsidebar-1&#8243;][vc_column][mk_fancy_title color=\u00bb#ffffff\u00bb size=\u00bb35&#8243; font_family=\u00bbnone\u00bb] ACERCA DE NATHALIE GOTTSCHALK [\/mk_fancy_title][\/vc_column][\/mk_page_section][vc_row][vc_column][mk_padding_divider size=\u00bb30&#8243;][mk_padding_divider size=\u00bb30&#8243;][\/vc_column][\/vc_row][vc_row][vc_column width=\u00bb2\/3&#8243;][mk_fancy_title size=\u00bb20&#8243; font_family=\u00bbnone\u00bb] EDUCACI\u00d3N Y PARTICIPACI\u00d3N DE LA COMUNIDAD [\/mk_fancy_title][vc_column_text] Nathalie Gottschalk es una abogada de Inmigraci\u00f3n de Las Vegas. Ella ha estado practicando en todos los \u00e1mbitos de empleo y de las leyes de inmigraci\u00f3n [&hellip;]<\/p>\n","protected":false},"author":1,"featured_media":0,"parent":0,"menu_order":0,"comment_status":"closed","ping_status":"closed","template":"","meta":{"footnotes":""},"class_list":["post-34","page","type-page","status-publish","hentry"],"_links":{"self":[{"href":"https:\/\/www.gottschalk.law\/es\/wp-json\/wp\/v2\/pages\/34","targetHints":{"allow":["GET"]}}],"collection":[{"href":"https:\/\/www.gottschalk.law\/es\/wp-json\/wp\/v2\/pages"}],"about":[{"href":"https:\/\/www.gottschalk.law\/es\/wp-json\/wp\/v2\/types\/page"}],"author":[{"embeddable":true,"href":"https:\/\/www.gottschalk.law\/es\/wp-json\/wp\/v2\/users\/1"}],"replies":[{"embeddable":true,"href":"https:\/\/www.gottschalk.law\/es\/wp-json\/wp\/v2\/comments?post=34"}],"version-history":[{"count":19,"href":"https:\/\/www.gottschalk.law\/es\/wp-json\/wp\/v2\/pages\/34\/revisions"}],"predecessor-version":[{"id":616,"href":"https:\/\/www.gottschalk.law\/es\/wp-json\/wp\/v2\/pages\/34\/revisions\/616"}],"wp:attachment":[{"href":"https:\/\/www.gottschalk.law\/es\/wp-json\/wp\/v2\/media?parent=34"}],"curies":[{"name":"wp","href":"https:\/\/api.w.org\/{rel}","templated":true}]}}