{"id":53,"date":"2016-08-26T15:51:05","date_gmt":"2016-08-26T15:51:05","guid":{"rendered":"https:\/\/www.moapavalleybuilders.com\/?post_type=model&#038;p=758"},"modified":"2016-10-15T08:14:44","modified_gmt":"2016-10-15T08:14:44","slug":"naturalization","status":"publish","type":"page","link":"https:\/\/www.gottschalk.law\/es\/naturalization\/","title":{"rendered":"NATURALIZACI\u00d3N"},"content":{"rendered":"<div class=\"wpb-content-wrapper\">[mk_page_section bg_image=\u00bbhttps:\/\/www.gottschalk.law\/wp-content\/uploads\/sites\/22\/2016\/08\/im3.jpg\u00bb bg_repeat=\u00bbno-repeat\u00bb bg_stretch=\u00bbtrue\u00bb video_color_mask=\u00bb#212121&#8243; min_height=\u00bb300&#8243; js_vertical_centered=\u00bbtrue\u00bb sidebar=\u00bbsidebar-1&#8243;][vc_column][mk_fancy_title color=\u00bb#ffffff\u00bb size=\u00bb35&#8243; font_family=\u00bbnone\u00bb]\n<p style=\"text-align: center\">NATURALIZACI\u00d3N<\/p>\n[\/mk_fancy_title][\/vc_column][\/mk_page_section][vc_row][vc_column][mk_padding_divider][mk_fancy_title size=\u00bb20&#8243; font_family=\u00bbnone\u00bb]\n<p class=\"font_7\" style=\"text-align: center\"><strong>La ley permite a los residentes permanentes volverse ciudadano de los EE.UU si cumplen con los siguientes criterios:<\/strong><\/p>\n[\/mk_fancy_title][vc_column_text]\n<ul>\n<li>Ser residente permanente legal de los Estados Unidos durante 5 a\u00f1os, o 3 a\u00f1os si el solicitante es casado con un ciudadano estadounidense por un m\u00ednimo de 3 a\u00f1os (hay excepciones a esta regla para las personas que tienen el servicio honorable en las Fuerzas Armadas de EE.UU);<\/li>\n<li>Estar f\u00edsicamente presente en los Estados Unidos por m\u00e1s de 50% del per\u00edodo de residencia requerido;<\/li>\n<li>Ser una persona de buen car\u00e1cter moral durante el per\u00edodo de residencia requerido;<\/li>\n<li>Dispuesto a tomar un juramento de lealtad a los Estados Unidos;<\/li>\n<li>Ser capaz de hablar, leer y escribir palabras y frases sencillas en Ingl\u00e9s (hay algunas excepciones a esta regla); y<\/li>\n<li>Aprobar el examen de la historia y gobierno de EE.UU.<\/li>\n<\/ul>\n[\/vc_column_text][mk_padding_divider][mk_fancy_title size=\u00bb20&#8243; font_family=\u00bbnone\u00bb]\n<p style=\"text-align: center\"><strong>Preguntas Y Respuestas<br \/>\n<\/strong><\/p>\n[\/mk_fancy_title][vc_column_text]<strong>\u00bfCu\u00e1l es el beneficio de volverse ciudadano de los EE.UU?<\/strong><\/p>\n<p>Los beneficios son muchos y depende de su situaci\u00f3n. Algunos de ellos son:<\/p>\n<ul>\n<li>Puede votar en las elecciones locales, estatales y federales<\/li>\n<li>Puede trabajar para el Gobierno Federal<\/li>\n<li>Puede viajar y vivir en otro pa\u00eds sin el temor de perder su ciudadan\u00eda<\/li>\n<li>Si te gusta viajar, muchos pa\u00edses no requieren que los ciudadanos de Estados Unidos obtengan una visa<\/li>\n<li>Puede presentar una petici\u00f3n y traer a sus familiares (padres, esposo, hermanos, hijos, hijo adulto \/ a) vivir en los Estados Unidos con una visa de inmigrante.<\/li>\n<li>Si se convierte en ciudadano de EE.UU., mientras que sus hijos son menores de 18 a\u00f1os y cumple con otros requisitos, sus hijos pueden convertirse autom\u00e1ticamente en ciudadanos de Estados Unidos tambi\u00e9n.<\/li>\n<\/ul>\n<p><strong>\u00bfCu\u00e1nto tiempo tarda el proceso?<\/strong><\/p>\n<p>Depende de en qu\u00e9 estado resides. En Nevada, el proceso toma alrededor de 3-4\u00a0 meses desde el momento de presentar su petici\u00f3n.<\/p>\n<p><strong>\u00a0\u00bfCu\u00e1l es la prueba de historia y gobierno de los Estados Unidos?<\/strong><\/p>\n<p>Se le pedir\u00e1 que responder hasta el 10 de 100 preguntas que debe estudiar. Con el fin de aprobar el examen que debe responder al menos 6 de cada 10 preguntas correctamente.<\/p>\n<p><strong>\u00a0He aqu\u00ed una gu\u00eda de estudio para el examen de USCIS<\/strong><\/p>\n<p><a href=\"http:\/\/www.uscis.gov\/citizenship\/quiz\/learners\/study-test\/study-materials-civics-test\/naturalization-self-test-1\">\u00a0http:\/\/www.uscis.gov\/citizenship\/quiz\/learners\/study-test\/study-materials-civics-test\/naturalization-self-test-1<\/a>[\/vc_column_text][\/vc_column][\/vc_row]\n<\/div>","protected":false},"excerpt":{"rendered":"<p>[mk_page_section bg_image=\u00bbhttps:\/\/www.gottschalk.law\/wp-content\/uploads\/sites\/22\/2016\/08\/im3.jpg\u00bb bg_repeat=\u00bbno-repeat\u00bb bg_stretch=\u00bbtrue\u00bb video_color_mask=\u00bb#212121&#8243; min_height=\u00bb300&#8243; js_vertical_centered=\u00bbtrue\u00bb sidebar=\u00bbsidebar-1&#8243;][vc_column][mk_fancy_title color=\u00bb#ffffff\u00bb size=\u00bb35&#8243; font_family=\u00bbnone\u00bb] NATURALIZACI\u00d3N [\/mk_fancy_title][\/vc_column][\/mk_page_section][vc_row][vc_column][mk_padding_divider][mk_fancy_title size=\u00bb20&#8243; font_family=\u00bbnone\u00bb] La ley permite a los residentes permanentes volverse ciudadano de los EE.UU si cumplen con los siguientes criterios: [\/mk_fancy_title][vc_column_text] Ser residente permanente legal de los Estados Unidos durante 5 a\u00f1os, o 3 a\u00f1os si el solicitante es casado con un [&hellip;]<\/p>\n","protected":false},"author":1,"featured_media":0,"parent":0,"menu_order":0,"comment_status":"closed","ping_status":"closed","template":"","meta":{"footnotes":""},"class_list":["post-53","page","type-page","status-publish","hentry"],"_links":{"self":[{"href":"https:\/\/www.gottschalk.law\/es\/wp-json\/wp\/v2\/pages\/53","targetHints":{"allow":["GET"]}}],"collection":[{"href":"https:\/\/www.gottschalk.law\/es\/wp-json\/wp\/v2\/pages"}],"about":[{"href":"https:\/\/www.gottschalk.law\/es\/wp-json\/wp\/v2\/types\/page"}],"author":[{"embeddable":true,"href":"https:\/\/www.gottschalk.law\/es\/wp-json\/wp\/v2\/users\/1"}],"replies":[{"embeddable":true,"href":"https:\/\/www.gottschalk.law\/es\/wp-json\/wp\/v2\/comments?post=53"}],"version-history":[{"count":10,"href":"https:\/\/www.gottschalk.law\/es\/wp-json\/wp\/v2\/pages\/53\/revisions"}],"predecessor-version":[{"id":348,"href":"https:\/\/www.gottschalk.law\/es\/wp-json\/wp\/v2\/pages\/53\/revisions\/348"}],"wp:attachment":[{"href":"https:\/\/www.gottschalk.law\/es\/wp-json\/wp\/v2\/media?parent=53"}],"curies":[{"name":"wp","href":"https:\/\/api.w.org\/{rel}","templated":true}]}}