{"id":64,"date":"2016-08-26T16:24:28","date_gmt":"2016-08-26T16:24:28","guid":{"rendered":"https:\/\/www.moapavalleybuilders.com\/?post_type=model&#038;p=758"},"modified":"2017-09-05T19:18:40","modified_gmt":"2017-09-05T19:18:40","slug":"temporary-relief-and-other-visas","status":"publish","type":"page","link":"https:\/\/www.gottschalk.law\/es\/temporary-relief-and-other-visas\/","title":{"rendered":"Temporary Relief and Other Visas"},"content":{"rendered":"<div class=\"wpb-content-wrapper\">[mk_page_section bg_image=\u00bbhttps:\/\/www.gottschalk.law\/wp-content\/uploads\/sites\/22\/2016\/09\/download.jpg\u00bb bg_position=\u00bbcenter bottom\u00bb bg_repeat=\u00bbno-repeat\u00bb bg_stretch=\u00bbtrue\u00bb video_color_mask=\u00bb#56100d\u00bb video_opacity=\u00bb0.3&#8243; min_height=\u00bb400&#8243; js_vertical_centered=\u00bbtrue\u00bb sidebar=\u00bbsidebar-1&#8243;][vc_column][mk_fancy_title color=\u00bb#ffffff\u00bb size=\u00bb35&#8243; font_family=\u00bbnone\u00bb]\n<p style=\"text-align: center\">SOCORRO TEMPORAL Y OTRAS VISAS<\/p>\n[\/mk_fancy_title][\/vc_column][\/mk_page_section][mk_page_section][vc_column width=\u00bb1\/2&#8243;][vc_row_inner css=\u00bb.vc_custom_1488528982737{background-color: #fcfcfc !important;}\u00bb][vc_column_inner css=\u00bb.vc_custom_1489261355777{margin-top: 50px !important;}\u00bb][vc_column_text align=\u00bbcenter\u00bb]\n<p style=\"text-align: center;font-size: 20px\">\u00a0<strong>Programas DACA y DAPA<\/strong><\/p>\n[\/vc_column_text][vc_single_image image=\u00bb184&#8243; img_size=\u00bbfull\u00bb alignment=\u00bbcenter\u00bb][\/vc_column_inner][\/vc_row_inner][vc_column_text]\n<p class=\"font_8\" style=\"text-align: justify\">DACA era un programa que concede la acci\u00f3n diferida por dos a\u00f1os y una Socorro temporal de la deportaci\u00f3n a los individuos que llegaron a los EE.UU. cuando eran ni\u00f1os. Los solicitantes de DACA tambi\u00e9n pod\u00edan ser elegibles para un permiso de trabajo temporal.\u00a0 El 5 de Septiembre del 2017 el President Trump anunci\u00f3 que hiba a eliminar DACA por completo dando presi\u00f3n al Congreso para que legisle una ley o soluci\u00f3n permanente para los individuos que califiquen para DACA.\u00a0 Public\u00f3 un memorandum dirigiendo a USCIS de cerrar el programa gradualmente. Por el momento USCIS:<\/p>\n<ul>\n<li style=\"text-align: justify\">A<span lang=\"es\">djudicar\u00e1, individualmente, caso por caso, las solicitudes debidamente archivadas en espera de solicitudes iniciales de DACA y solicitudes asociadas para obtener\u00a0 los Documentos de Autorizaci\u00f3n de Empleo que hayan sido aceptadas por elUSCIS a la fecha de este memor\u00e1ndum.<\/span><\/li>\n<li style=\"text-align: justify\"><span lang=\"es\">Rechazar\u00e1 todas las solicitudes iniciales de DACA y solicitudes asociadas para obtener los Documentos de Autorizaci\u00f3n de Empleo presentados despu\u00e9s de la fecha de este memor\u00e1ndum.<\/span><\/li>\n<li style=\"text-align: justify\"><span lang=\"es\">Juzgar\u00e1 -en forma individual, caso por caso- solicitudes debidamente archivadas que est\u00e9n pendiente para la renovaci\u00f3n de DACA y solicitudes asociadas para renovar los Documentos de Autorizaci\u00f3n de Empleo de beneficiarios actuales que han sido aceptados por el Departamento desde la fecha de este memor\u00e1ndum y de beneficiarios actuales cuyos beneficios expirar\u00e1n entre la fecha de este memorandum y el 5 de Marzo de 2018 que hayan sido aceptadas por el Departamento a partir del 5 de octubre de 2017.<\/span><\/li>\n<li style=\"text-align: justify\"><span lang=\"es\">Rechazar\u00e1 todas las solicitudes de renovaci\u00f3n de DACA y solicitudes asociadas para renovar los Documentos de Autorizaci\u00f3n de Empleo presentados fuera de los par\u00e1metros especificados anteriormente.<\/span><\/li>\n<li style=\"text-align: justify\"><span lang=\"es\">No cancelar\u00e1 las concesiones de acciones diferidas previamente emitidas ni revocar\u00e1 Documentos de Autorizaci\u00f3n de Empleo bas\u00e1ndose \u00fanicamente en las directivas en este memor\u00e1ndum por la duraci\u00f3n restante de sus per\u00edodos de validez.<\/span><\/li>\n<li style=\"text-align: justify\"><span lang=\"es\">No aprobar\u00e1 ninguna nueva solicitud Formulario I-131 para el permiso de viajar bajo est\u00e1ndares asociados con el programa de DACA, aunque generalmente honrar\u00e1 el per\u00edodo de validez declarado para las solicitudes previamente aprobadas de permiso de viaje anticipada. Sin perjuicio de la vigencia de las aprobaciones anticipadas del permiso de viaje otorgadas anteriormente, el CBP conservar\u00e1, por supuesto, la autoridad que siempre ha tenido y determinar\u00e1 la admisibilidad de cualquier persona que se presente en la frontera y la elegibilidad de tales personas para ingresar al pais. Adem\u00e1s, el USCIS, por supuesto, conservar\u00e1 la autoridad para revocar o terminar un documento de permiso de viaje en cualquier momento.<\/span><\/li>\n<li style=\"text-align: justify\"><span lang=\"es\">Administrativamente cerrar\u00e1 todas las solicitudes de Formulario I-131 pendientes de permiso de trabajo presentadas bajo est\u00e1ndares asociados con el programa DACA y reembolsar\u00e1 todos los cargos asociados.<\/span><\/li>\n<li style=\"text-align: justify\"><span lang=\"es\">Seguir\u00e1 ejerciendo su facultad discrecional para terminar o negar la acci\u00f3n difer\u00edda en cualquier momento cuando los oficiales de inmigraci\u00f3n determinen que la cancelaci\u00f3n de la acci\u00f3n diferida es apropiada.<\/span><\/li>\n<\/ul>\n<p><span lang=\"es\">Para leer el memor\u00e1ndum completo de la pol\u00edtica, visite: <a href=\"https:\/\/www.dhs.gov\/news\/2017\/09\/05\/memorandum-rescission-daca\">https:\/\/www.dhs.gov\/news\/2017\/09\/05\/memorandum-rescission-daca<\/a><\/span><\/p>\n<p>DAPA se refier<span lang=\"es\">\u00ed<\/span>a a una acci\u00f3n ejecutiva del presidente Obama en la que acoge la acci\u00f3n diferida a las personas que:<\/p>\n<ul>\n<li>No tienen estatus para el 20 de Noviembre de 2014;<\/li>\n<li>Es un padre de un ciudadano de EE.UU. o residente legal permanente nacido el o antes del 20 de Noviembre de, 2014;<\/li>\n<li>Han tenido residencia continua en los Estados Unidos desde 1 de Enero de 2010; y<\/li>\n<li>No han sido condenados por un delito grave o 3 o m\u00e1s delitos menores o faltas significativas.<\/li>\n<\/ul>\n<p>Tome en cuenta que la Corte Suprema de los EE.UU. dividida equitativamente ha afirmado el fallo del tribunal inferior bloqueando efectivamente la implementaci\u00f3n de DAPA y la versi\u00f3n extendida de DACA.[\/vc_column_text][vc_row_inner css=\u00bb.vc_custom_1488529352947{background-color: #ffffff !important;}\u00bb][vc_column_inner][mk_padding_divider][vc_column_text align=\u00bbcenter\u00bb]\n<p style=\"text-align: center;font-size: 20px\">\u00a0<strong>Visas de loter\u00eda de diversidad<\/strong><\/p>\n<p style=\"text-align: justify\">[\/vc_column_text][vc_single_image image=\u00bb182&#8243; img_size=\u00bbfull\u00bb alignment=\u00bbcenter\u00bb css=\u00bb.vc_custom_1489262755035{margin-top: 10px !important;margin-bottom: 10px !important;}\u00bb][vc_column_text]El Programa de Diversidad de Visas de Residencia (Programa DV) est\u00e1 disponible cada a\u00f1o. La elegibilidad depende de si usted es un nacional de un pa\u00eds con bajas tasas de inmigraci\u00f3n a los EE.UU. Para calificar, el principal solicitante de DV debe tener una educaci\u00f3n de escuela secundaria o su equivalente, o dos a\u00f1os de experiencia de trabajo calificado.<\/p>\n<p style=\"text-align: justify\">Los ganadores de la loter\u00eda que residen fuera de los Estados Unidos pueden inmigrar a trav\u00e9s de un proceso consular y la emisi\u00f3n de una visa de inmigrante. Los ganadores de la loter\u00eda en los EE.UU. pueden solicitar el ajuste de estatus, si es elegible.[\/vc_column_text][\/vc_column_inner][\/vc_row_inner][\/vc_column][vc_column width=\u00bb1\/2&#8243;][vc_row_inner css=\u00bb.vc_custom_1488528782207{background-color: #fcfcfc !important;}\u00bb][vc_column_inner css=\u00bb.vc_custom_1489261361708{margin-top: 50px !important;}\u00bb][vc_column_text align=\u00bbcenter\u00bb]\n<p style=\"text-align: center;font-size: 20px\">\u00a0<strong>Asilo y Refugio en Estado de Protecci\u00f3n Temporal<\/strong><\/p>\n[\/vc_column_text][vc_single_image image=\u00bb190&#8243; img_size=\u00bbfull\u00bb alignment=\u00bbcenter\u00bb][vc_column_text]<strong>Estado TPS<\/strong><\/p>\n<p style=\"text-align: justify\">El Departamento de Seguridad Nacional podr\u00e1 designar lo que pueden solicitar los ciudadanos para el estado de protecci\u00f3n debido a su\/sus condiciones de los pa\u00edses que impiden el retorno seguro de sus nacionales. En la actualidad, los ciudadanos que pueden solicitar el TPS son de El Salvador, Guinea, Hait\u00ed, Honduras, Liberia, Nicaragua, Sierra Leona, Somalia, Sud\u00e1n, Sud\u00e1n del Sur y Siria.<\/p>\n<p><strong>Estado de Refugiado y Asilado<\/strong><\/p>\n<p style=\"text-align: justify\">El estado de Refugiados y Asilados est\u00e1 disponible para las personas que han sido perseguidas o temen ser perseguidos a causa de su raza, religi\u00f3n, nacionalidad, y\/o la pertenencia a un determinado grupo social u opini\u00f3n pol\u00edtica. El estado de los refugiados se expide a las personas que se encuentran fuera de su pa\u00eds y no pueden o no quieren regresar a sus hogares por temor a da\u00f1os graves. La condici\u00f3n de refugiado se concede fuera de los EE.UU.<\/p>\n<p style=\"text-align: justify\">El asilo se concede a las personas que ya se encuentran en los EE.UU. y puedan demostrar que temen ser perseguidos si regresan a su pa\u00eds de origen debido a su raza, religi\u00f3n, nacionalidad, y\/o la pertenencia a un determinado grupo social u opini\u00f3n pol\u00edtica.<\/p>\n<p style=\"text-align: justify\">Los Asilados pueden permanecer en los EE.UU. al solicitar la residencia permanente y el permiso para trabajar, mientras que su solicitud est\u00e1 pendiente.[\/vc_column_text][\/vc_column_inner][\/vc_row_inner][mk_padding_divider][vc_column_text align=\u00bbcenter\u00bb]\n<p style=\"text-align: center;font-size: 20px\"><strong>Visas T y U<\/strong><\/p>\n<p style=\"text-align: justify\">[\/vc_column_text][vc_single_image image=\u00bb265&#8243; img_size=\u00bbfull\u00bb alignment=\u00bbcenter\u00bb css=\u00bb.vc_custom_1489262774348{margin-top: 10px !important;margin-bottom: 10px !important;}\u00bb][vc_column_text]El congreso estableci\u00f3 visas T para v\u00edctimas de trafico humano en un esfuerzo de asistir al cumplimiento de la ley a enjuiciar a estos criminales mientras le ofrecen protecci\u00f3n a las v\u00edctimas. Las visas T est\u00e1n disponibles para individuos que:<\/p>\n<ul style=\"text-align: justify\">\n<li>Son o fueron v\u00edctimas de tr\u00e1fico.<\/li>\n<li>Est\u00e1n en los Estados Unidos, Samoa Americana, la Comunidad de las Islas Mariana del Norte, o en un puerto de entrada debido al tr\u00e1fico.<\/li>\n<li>Cumplan con cualquier requisito razonable de una agencia de cumplimiento de la ley para asistencia en la investigaci\u00f3n o procesamiento del tr\u00e1fico humano.<\/li>\n<li>Sufrir\u00edan penas extremas que involucren da\u00f1o severo o inusual si son removidos de los Estados Unidos.<\/li>\n<li>No son admisibles en los EE.UU. (renuncias de inadmisibilidad est\u00e1n disponibles.)<\/li>\n<\/ul>\n<p style=\"text-align: justify\">Las visas U est\u00e1n disponibles para v\u00edctimas de cr\u00edmenes serios que han sufrido abuso f\u00edsico o mental substancial como resultado de haber sido una v\u00edctima y quienes han ayudado al cumplimiento de la ley en el procesamiento o investigaci\u00f3n de tal crimen. La actividad criminal incluye:<\/p>\n<p style=\"text-align: justify\">Abducci\u00f3n, Contacto Sexual Abusivo, Chantaje, Violencia Domestica, Extorci\u00f3n, Encarcelamiento Falso, Mutilaci\u00f3n Genital Femenina, Asalto Criminal, Fraude en Contrataci\u00f3n de Mano de Obra Extranjera, Reh\u00e9n, Incesto, Servidumbre Involuntaria, Secuestro, Homicidio Involuntario, Homicidio, Obstrucci\u00f3n de la Justicia, Espionaje, Perjurio, Prostituci\u00f3n, Violaci\u00f3n, Asalto Sexual, Explotaci\u00f3n Sexual, Venta de Esclavos, Acoso, Tortura, Trafico, Manipulaci\u00f3n de Testigos, Restricci\u00f3n de la libertad ilegal y otros cr\u00edmenes relacionados.[\/vc_column_text][\/vc_column][\/mk_page_section]\n\n<\/div>","protected":false},"excerpt":{"rendered":"<p>[mk_page_section bg_image=\u00bbhttps:\/\/www.gottschalk.law\/wp-content\/uploads\/sites\/22\/2016\/09\/download.jpg\u00bb bg_position=\u00bbcenter bottom\u00bb bg_repeat=\u00bbno-repeat\u00bb bg_stretch=\u00bbtrue\u00bb video_color_mask=\u00bb#56100d\u00bb video_opacity=\u00bb0.3&#8243; min_height=\u00bb400&#8243; js_vertical_centered=\u00bbtrue\u00bb sidebar=\u00bbsidebar-1&#8243;][vc_column][mk_fancy_title color=\u00bb#ffffff\u00bb size=\u00bb35&#8243; font_family=\u00bbnone\u00bb] SOCORRO TEMPORAL Y OTRAS VISAS [\/mk_fancy_title][\/vc_column][\/mk_page_section][mk_page_section][vc_column width=\u00bb1\/2&#8243;][vc_row_inner css=\u00bb.vc_custom_1488528982737{background-color: #fcfcfc !important;}\u00bb][vc_column_inner css=\u00bb.vc_custom_1489261355777{margin-top: 50px !important;}\u00bb][vc_column_text align=\u00bbcenter\u00bb] \u00a0Programas DACA y DAPA [\/vc_column_text][vc_single_image image=\u00bb184&#8243; img_size=\u00bbfull\u00bb alignment=\u00bbcenter\u00bb][\/vc_column_inner][\/vc_row_inner][vc_column_text] DACA era un programa que concede la acci\u00f3n diferida por dos a\u00f1os y una Socorro temporal de la deportaci\u00f3n [&hellip;]<\/p>\n","protected":false},"author":1,"featured_media":0,"parent":0,"menu_order":0,"comment_status":"closed","ping_status":"closed","template":"","meta":{"footnotes":""},"class_list":["post-64","page","type-page","status-publish","hentry"],"_links":{"self":[{"href":"https:\/\/www.gottschalk.law\/es\/wp-json\/wp\/v2\/pages\/64","targetHints":{"allow":["GET"]}}],"collection":[{"href":"https:\/\/www.gottschalk.law\/es\/wp-json\/wp\/v2\/pages"}],"about":[{"href":"https:\/\/www.gottschalk.law\/es\/wp-json\/wp\/v2\/types\/page"}],"author":[{"embeddable":true,"href":"https:\/\/www.gottschalk.law\/es\/wp-json\/wp\/v2\/users\/1"}],"replies":[{"embeddable":true,"href":"https:\/\/www.gottschalk.law\/es\/wp-json\/wp\/v2\/comments?post=64"}],"version-history":[{"count":71,"href":"https:\/\/www.gottschalk.law\/es\/wp-json\/wp\/v2\/pages\/64\/revisions"}],"predecessor-version":[{"id":543,"href":"https:\/\/www.gottschalk.law\/es\/wp-json\/wp\/v2\/pages\/64\/revisions\/543"}],"wp:attachment":[{"href":"https:\/\/www.gottschalk.law\/es\/wp-json\/wp\/v2\/media?parent=64"}],"curies":[{"name":"wp","href":"https:\/\/api.w.org\/{rel}","templated":true}]}}