{"id":93,"date":"2016-08-26T18:18:10","date_gmt":"2016-08-26T18:18:10","guid":{"rendered":"https:\/\/www.moapavalleybuilders.com\/?post_type=model&#038;p=758"},"modified":"2017-03-11T18:06:26","modified_gmt":"2017-03-11T18:06:26","slug":"temporary-work-visas","status":"publish","type":"page","link":"https:\/\/www.gottschalk.law\/es\/temporary-work-visas\/","title":{"rendered":"Visas de Trabajo Temporal y de Estudiantes"},"content":{"rendered":"<div class=\"wpb-content-wrapper\">[mk_page_section bg_image=\u00bbhttps:\/\/www.gottschalk.law\/wp-content\/uploads\/sites\/22\/2016\/11\/20161029_143100.jpg\u00bb bg_position=\u00bbcenter center\u00bb bg_repeat=\u00bbno-repeat\u00bb bg_stretch=\u00bbtrue\u00bb video_color_mask=\u00bb#f97352&#8243; video_opacity=\u00bb0.3&#8243; min_height=\u00bb400&#8243; js_vertical_centered=\u00bbtrue\u00bb sidebar=\u00bbsidebar-1&#8243;][vc_column][mk_fancy_title color=\u00bb#ffffff\u00bb size=\u00bb35&#8243; font_family=\u00bbnone\u00bb]\n<p style=\"text-align: center\">Trabajo Temporal y Visas de Estudiantes<\/p>\n[\/mk_fancy_title][vc_column_text]\n<p style=\"text-align: center\"><span style=\"color: #ffffff\">El prop\u00f3sito de una vista temporaria (no inmigrante) es permitirle a una persona entrar a los EE.UU. temporalmente por un prop\u00f3sito espec\u00edfico y por un periodo especifico de tiempo.<\/span><\/p>\n[\/vc_column_text][\/vc_column][\/mk_page_section][vc_row][vc_column width=\u00bb1\/2&#8243;][mk_padding_divider][\/vc_column][vc_column width=\u00bb1\/2&#8243;][mk_padding_divider][\/vc_column][\/vc_row][mk_page_section][vc_column width=\u00bb1\/2&#8243;][vc_row_inner css=\u00bb.vc_custom_1488527994359{background-color: #fcfcfc !important;}\u00bb][vc_column_inner][mk_padding_divider][mk_fancy_title size=\u00bb20&#8243; margin_top=\u00bb25&#8243; font_family=\u00bbnone\u00bb]\n<p style=\"text-align: center\"><strong>Visas Profesionales<\/strong><\/p>\n[\/mk_fancy_title][vc_single_image image=\u00bb188&#8243; img_size=\u00bbfull\u00bb alignment=\u00bbcenter\u00bb][\/vc_column_inner][\/vc_row_inner][mk_padding_divider size=\u00bb5&#8243;][vc_column_text]\n<p style=\"text-align: justify\">Las Visas Profesionales son para individuos que tienen ofertas de trabajo en los Estados Unidos, tienen al menos un t\u00edtulo universitario de 4 a\u00f1os o un equivalente en EE.UU y buscan trabajar en una ocupaci\u00f3n profesional o \u201cespecialidad\u201d relacionada con su campo de estudio. Cada clasificaci\u00f3n de la visa tiene sus propios requerimientos y restricciones.<\/p>\n<ul>\n<li style=\"text-align: justify\">Visas H-1B son para trabajadores de especialidades.<\/li>\n<li style=\"text-align: justify\">Visas TN son para profesionales bajo NAFTA disponibles para ciudadanos de M\u00e9xico y Canad\u00e1.<\/li>\n<li style=\"text-align: justify\">Visas E3 son para nacionales de Australia para desempe\u00f1ar una ocupaci\u00f3n de especialidad con un empleador de EE.UU.<\/li>\n<li style=\"text-align: justify\">Visas H-1B1 est\u00e1n disponibles para ciudadanos de Chile y Singapur para trabajar en una ocupaci\u00f3n de especialidad con un empleador de EE.UU.<\/li>\n<\/ul>\n[\/vc_column_text][vc_row_inner css=\u00bb.vc_custom_1488528209706{background-color: #ffffff !important;}\u00bb][vc_column_inner][mk_padding_divider][mk_fancy_title size=\u00bb20&#8243; margin_top=\u00bb20&#8243; font_family=\u00bbnone\u00bb]\n<p style=\"text-align: center\"><strong>Visas de estudiantes e intercambio<\/strong><\/p>\n[\/mk_fancy_title][vc_single_image image=\u00bb191&#8243; img_size=\u00bbfull\u00bb][\/vc_column_inner][\/vc_row_inner][mk_padding_divider size=\u00bb5&#8243;][vc_column_text]\n<p style=\"text-align: justify\">Estas visas temporales son para individuos que desean estudiar un curso completo de estudio o convertirse en un aprendiz\/pasante en un campo espec\u00edfico de estudio en los EE.UU. Cada clasificaci\u00f3n de la visa tiene sus propios requisitos y restricciones.<\/p>\n<ul>\n<li style=\"text-align: justify\">Visa F1 es para estudiantes que quieren perseguir un curso de estudio en una instituci\u00f3n privada establecida y aprobada por ICE en conformidad con SEVIS.<\/li>\n<li style=\"text-align: justify\">Visas M son para estudiantes vocacionales que desean perseguir una educaci\u00f3n en una universidad comunal para estudiar en una escuela vocacional\/ de negocios en un curr\u00edculo no acad\u00e9mico.<\/li>\n<li style=\"text-align: justify\">Visas J est\u00e1n disponibles para profesores, becarios de investigaci\u00f3n, facultativos extranjeros, consejeros de campamento, ayudantes familiares, estudiantes de verano, aprendices\/pasantes o profesores que buscan enrolarse en un programa de aprendices en el campo de estudio del pasante por un periodo limitado de tiempo.<\/li>\n<li style=\"text-align: justify\">Visas H-3 aplican a aprendices que no sean m\u00e9dicos o acad\u00e9micos. Esta categor\u00eda puede ser aplicada a entrenamiento pr\u00e1ctico en la educaci\u00f3n de ni\u00f1os discapacitados.<\/li>\n<\/ul>\n[\/vc_column_text][vc_row_inner css=\u00bb.vc_custom_1488528379326{background-color: #ffffff !important;}\u00bb][vc_column_inner][mk_padding_divider][mk_fancy_title size=\u00bb20&#8243; margin_top=\u00bb20&#8243; font_family=\u00bbnone\u00bb]\n<p style=\"text-align: center\"><strong>Visas Religiosas<\/strong><\/p>\n[\/mk_fancy_title][vc_single_image image=\u00bb186&#8243; img_size=\u00bbfull\u00bb alignment=\u00bbcenter\u00bb][\/vc_column_inner][\/vc_row_inner][mk_padding_divider size=\u00bb5&#8243;][vc_column_text]\n<p style=\"text-align: justify\">Las visas religiosas son para trabajadores religiosos que son miembros de una denominaci\u00f3n religiosa por al menos 2 a\u00f1os precediendo la aplicaci\u00f3n y que buscan desempe\u00f1ar una vocaci\u00f3n religiosa o una ocupaci\u00f3n religiosa tradicional en los EE.UU.<\/p>\n<p style=\"text-align: justify\">La USCIS puede conceder un estatus R-1 por un periodo inicial de admisi\u00f3n por hasta 30 meses. Extensiones subsecuentes pueden ser concedidas por hasta 30 meses adicionales. El periodo de estancia total del solicitante en los EE.UU. en clasificaci\u00f3n R-1 no puede exceder 5 a\u00f1os (60 meses).<br \/>\nUSCIS cuenta solo el tiempo gastado f\u00edsicamente en los EE.UU. en un estatus R-1 valido hacia el periodo de estancia m\u00e1ximo.<\/p>\n<p style=\"text-align: justify\">El c\u00f3nyuge del trabajador religioso e hijos no casados debajo de la edad de 21 pueden ser elegibles para una clasificaci\u00f3n R-2. Un dependiente R-2 no est\u00e1 autorizado para aceptar empleo basado en la clasificaci\u00f3n de esta visa.<\/p>\n[\/vc_column_text][\/vc_column][vc_column width=\u00bb1\/2&#8243;][vc_row_inner css=\u00bb.vc_custom_1488528494245{background-color: #ffffff !important;}\u00bb][vc_column_inner][mk_padding_divider][mk_fancy_title size=\u00bb20&#8243; margin_top=\u00bb20&#8243; font_family=\u00bbnone\u00bb]\n<p style=\"text-align: center\"><strong>Visas P, Q y O<\/strong><\/p>\n[\/mk_fancy_title][vc_single_image image=\u00bb444&#8243; img_size=\u00bbfull\u00bb alignment=\u00bbcenter\u00bb][\/vc_column_inner][\/vc_row_inner][mk_padding_divider size=\u00bb5&#8243;][vc_column_text]\n<ul>\n<li style=\"text-align: justify\">Visas P son para trabajadores temporales que buscan trabajar en los EE.UU. como animadores, artistas, o es parte de un grupo bien reconocido de entretenedores o equipo atl\u00e9tico.<\/li>\n<li style=\"text-align: justify\">Visas O est\u00e1n designadas a individuos que tienen extraordinarias habilidades en ciencias, artes, educaci\u00f3n, negocios, o atletismo y producci\u00f3n de televisi\u00f3n o cine.<\/li>\n<li style=\"text-align: justify\">Visas Q son para individuos que buscan participar en un programa de intercambio cultural internacional para proveer entrenamiento practico, empleo, y para compartir la historia, cultura, y tradiciones del pa\u00eds de origen del individuo.<\/li>\n<\/ul>\n[\/vc_column_text][vc_row_inner css=\u00bb.vc_custom_1488528168162{background-color: #ffffff !important;}\u00bb][vc_column_inner][mk_padding_divider size=\u00bb20&#8243;][mk_fancy_title size=\u00bb20&#8243; margin_top=\u00bb20&#8243; font_family=\u00bbnone\u00bb]\n<p style=\"text-align: center\"><strong>Visa de Inversionistas y Trabajadores Transferidos entre Compa\u00f1\u00edas. <\/strong><\/p>\n[\/mk_fancy_title][vc_single_image image=\u00bb187&#8243; img_size=\u00bbfull\u00bb alignment=\u00bbcenter\u00bb][\/vc_column_inner][\/vc_row_inner][vc_row_inner][vc_column_inner][mk_padding_divider size=\u00bb5&#8243;][vc_column_text]\n<p style=\"text-align: justify\">Visas E est\u00e1n reservadas para comerciantes de tratados o inversionistas. Los EE.UU. deben haber firmado un tratado\/ acuerdo de inversi\u00f3n bilateral entre el pa\u00eds de nacionalidad del solicitante (pa\u00eds del tratado) y el nacional del pa\u00eds del tratado debe tener al menos 50% de la compa\u00f1\u00eda en los EE.UU. para calificar.\u00a0 El solicitante debe:<\/p>\n<ul style=\"text-align: justify\">\n<li>Buscar entrar a los EE.UU. por un periodo de tiempo indefinido.<\/li>\n<li>Continuar con el comercio internacional entre EE.UU. y el estado extranjero del que el solicitante es nacional (visa E1).<\/li>\n<li>Establecer una compa\u00f1\u00eda en la que el solicitante ha invertido\/ busca invertir una \u201ccantidad substancial\u201d de dinero (visa E2).<\/li>\n<li>Ser un empleado \u201cesencial\u201d de la compa\u00f1\u00eda en los EE.UU.<\/li>\n<\/ul>\n<p style=\"text-align: justify\">Las Visas L son designadas para empleados que han trabajado en el exterior por 12 meses por una compa\u00f1\u00eda padre, rama, afiliada o subsidiaria de la compa\u00f1\u00eda peticionaria de EE.UU. Las Visas L1A est\u00e1n disponibles para gerentes o ejecutivos que vienen a trabajar en una capacidad de gerencia\/ejecutiva en la compa\u00f1\u00eda de EE.UU. Los solicitantes de una visa L1B son elegibles para trabajar si \u00e9l\/ella tienen conocimiento especial del producto de la compa\u00f1\u00eda, servicio, investigaci\u00f3n, t\u00e9cnicas o tienen un \u201cnivel avanzado\u201d de conocimiento de los procesos y procedimientos de la compa\u00f1\u00eda en EE.UU.<\/p>\n[\/vc_column_text][\/vc_column_inner][\/vc_row_inner][vc_row_inner css=\u00bb.vc_custom_1488528330478{background-color: #fcfcfc !important;}\u00bb][vc_column_inner][mk_padding_divider][mk_fancy_title size=\u00bb20&#8243; margin_top=\u00bb20&#8243; font_family=\u00bbnone\u00bb]\n<p style=\"text-align: center\"><strong>Visas para trabajadores estacionales y agricolas<\/strong><\/p>\n[\/mk_fancy_title][vc_single_image image=\u00bb445&#8243; img_size=\u00bbfull\u00bb alignment=\u00bbcenter\u00bb][\/vc_column_inner][\/vc_row_inner][mk_padding_divider size=\u00bb5&#8243;][vc_column_text]Visas H-2B son dadas a trabajadores temporales que buscan trabajar en los EE.UU. temporalmente para un empleador que puede mostrar, a trav\u00e9s de un proceso de certificaci\u00f3n de trabajo, que:<\/p>\n<ul>\n<li>No hay suficientes trabajadores de EE.UU. que est\u00e9n disponibles para hacer el trabajo temporal.<\/li>\n<li>Los trabajadores H-2B no afectar\u00e1n negativamente los sueldos y condiciones de trabajo de empleados similares de EE.UU.<\/li>\n<li>La necesidad del empleador debe ser estacional, carga m\u00e1xima, intermitente o una necesidad de una sola vez.<\/li>\n<\/ul>\n<p>Esta categor\u00eda est\u00e1 sujeta a un n\u00famero limitado de visas por a\u00f1o y es limitado a nacionales de ciertos pa\u00edses. Nacionales de otros pa\u00edses no designados por USCIS a\u00fan pueden aplicar si se puede mostrar que est\u00e1 en el inter\u00e9s de EE.UU. conceder dicha petici\u00f3n.<\/p>\n<p>Visas H-2A est\u00e1n reservadas para trabajadores de agricultura buscando trabajar para un empleador de los EE.UU. y la oferta de trabajo es estacional y temporaria en naturaleza. Estas visas est\u00e1n sujetas a un proceso de certificaci\u00f3n de trabajo del departamento de trabajo de EE.UU.[\/vc_column_text][\/vc_column][\/mk_page_section]\n<\/div>","protected":false},"excerpt":{"rendered":"<p>[mk_page_section bg_image=\u00bbhttps:\/\/www.gottschalk.law\/wp-content\/uploads\/sites\/22\/2016\/11\/20161029_143100.jpg\u00bb bg_position=\u00bbcenter center\u00bb bg_repeat=\u00bbno-repeat\u00bb bg_stretch=\u00bbtrue\u00bb video_color_mask=\u00bb#f97352&#8243; video_opacity=\u00bb0.3&#8243; min_height=\u00bb400&#8243; js_vertical_centered=\u00bbtrue\u00bb sidebar=\u00bbsidebar-1&#8243;][vc_column][mk_fancy_title color=\u00bb#ffffff\u00bb size=\u00bb35&#8243; font_family=\u00bbnone\u00bb] Trabajo Temporal y Visas de Estudiantes [\/mk_fancy_title][vc_column_text] El prop\u00f3sito de una vista temporaria (no inmigrante) es permitirle a una persona entrar a los EE.UU. temporalmente por un prop\u00f3sito espec\u00edfico y por un periodo especifico de tiempo. [\/vc_column_text][\/vc_column][\/mk_page_section][vc_row][vc_column width=\u00bb1\/2&#8243;][mk_padding_divider][\/vc_column][vc_column width=\u00bb1\/2&#8243;][mk_padding_divider][\/vc_column][\/vc_row][mk_page_section][vc_column width=\u00bb1\/2&#8243;][vc_row_inner css=\u00bb.vc_custom_1488527994359{background-color: [&hellip;]<\/p>\n","protected":false},"author":1,"featured_media":0,"parent":0,"menu_order":0,"comment_status":"closed","ping_status":"closed","template":"","meta":{"footnotes":""},"class_list":["post-93","page","type-page","status-publish","hentry"],"_links":{"self":[{"href":"https:\/\/www.gottschalk.law\/es\/wp-json\/wp\/v2\/pages\/93","targetHints":{"allow":["GET"]}}],"collection":[{"href":"https:\/\/www.gottschalk.law\/es\/wp-json\/wp\/v2\/pages"}],"about":[{"href":"https:\/\/www.gottschalk.law\/es\/wp-json\/wp\/v2\/types\/page"}],"author":[{"embeddable":true,"href":"https:\/\/www.gottschalk.law\/es\/wp-json\/wp\/v2\/users\/1"}],"replies":[{"embeddable":true,"href":"https:\/\/www.gottschalk.law\/es\/wp-json\/wp\/v2\/comments?post=93"}],"version-history":[{"count":24,"href":"https:\/\/www.gottschalk.law\/es\/wp-json\/wp\/v2\/pages\/93\/revisions"}],"predecessor-version":[{"id":500,"href":"https:\/\/www.gottschalk.law\/es\/wp-json\/wp\/v2\/pages\/93\/revisions\/500"}],"wp:attachment":[{"href":"https:\/\/www.gottschalk.law\/es\/wp-json\/wp\/v2\/media?parent=93"}],"curies":[{"name":"wp","href":"https:\/\/api.w.org\/{rel}","templated":true}]}}