{"id":127,"date":"2016-08-26T19:45:56","date_gmt":"2016-08-26T19:45:56","guid":{"rendered":"https:\/\/www.moapavalleybuilders.com\/?post_type=model&#038;p=758"},"modified":"2018-01-05T18:07:49","modified_gmt":"2018-01-05T18:07:49","slug":"employment-based-green-card","status":"publish","type":"page","link":"https:\/\/www.gottschalk.law\/fr\/employment-based-green-card\/","title":{"rendered":"Cartes vertes fond\u00e9es sur l\u2019emploi ou l\u2019investissement"},"content":{"rendered":"<div class=\"wpb-content-wrapper\">[mk_page_section bg_image=\u00a0\u00bbhttps:\/\/www.gottschalk.law\/wp-content\/uploads\/sites\/22\/2016\/09\/valley-of-fire.jpg\u00a0\u00bb bg_position=\u00a0\u00bbcenter center\u00a0\u00bb bg_repeat=\u00a0\u00bbno-repeat\u00a0\u00bb bg_stretch=\u00a0\u00bbtrue\u00a0\u00bb video_color_mask=\u00a0\u00bb#56100d\u00a0\u00bb video_opacity=\u00a0\u00bb0.3&Prime; min_height=\u00a0\u00bb400&Prime; js_vertical_centered=\u00a0\u00bbtrue\u00a0\u00bb sidebar=\u00a0\u00bbsidebar-1&Prime;][vc_column][mk_fancy_title color=\u00a0\u00bb#ffffff\u00a0\u00bb size=\u00a0\u00bb35&Prime; font_family=\u00a0\u00bbnone\u00a0\u00bb]\n<p style=\"text-align: center\">Cartes vertes fond\u00e9es sur l\u2019emploi ou l\u2019investissement<\/p>\n[\/mk_fancy_title][vc_column_text]\n<p style=\"text-align: center\"><span style=\"color: #ffffff\">Le Congr\u00e8s a allou\u00e9 un certain nombre de visas pour les individus d\u00e9sirant immigrer aux \u00c9-U en raison d\u2019un emploi ou pour investir et qui se qualifie dans au moins une des cinq cat\u00e9gories suivantes.<\/span><\/p>\n[\/vc_column_text][\/vc_column][\/mk_page_section][mk_page_section][vc_column width=\u00a0\u00bb1\/2&Prime;][vc_row_inner css=\u00a0\u00bb.vc_custom_1488524687280{background-color: #fcfcfc !important;}\u00a0\u00bb][vc_column_inner css=\u00a0\u00bb.vc_custom_1489264934517{margin-top: 40px !important;}\u00a0\u00bb][vc_column_text]\n<p style=\"text-align: center;font-size: 20px\"><strong>Capacit\u00e9s exceptionnelles, chercheurs excellents et cadres d\u2019entreprises multinationales<\/strong><\/p>\n[\/vc_column_text][vc_single_image image=\u00a0\u00bb180&Prime; img_size=\u00a0\u00bbfull\u00a0\u00bb alignment=\u00a0\u00bbcenter\u00a0\u00bb css=\u00a0\u00bb.vc_custom_1489265045890{margin-bottom: 10px !important;}\u00a0\u00bb][\/vc_column_inner][\/vc_row_inner][vc_column_text]\n<div id=\"i4bjivft\" class=\"s1\">\n<ul class=\"font_8\">\n<li>\n<p class=\"font_8\" style=\"text-align: justify\">\u00a0Si vous \u00eates une personne poss\u00e9dant des capacit\u00e9s exceptionnelles, vous pourriez vous qualifier pour l\u2019obtention d\u2019une carte verte si vous pouvez d\u00e9montrer que vous avez re\u00e7u des \u00e9loges nationaux ou internationaux pour vos prouesses dans le domaine des sciences, des arts, de l\u2019\u00e9ducation, des affaires ou des sports et que vous cherchez \u00e0 continuer de travailler dans ce domaine une fois aux \u00c9-U. Une offre d\u2019emploi n\u2019est pas une exigence.<\/p>\n<\/li>\n<li style=\"text-align: justify\">\n<p class=\"font_8\">Les professeurs ou les chercheurs se qualifient \u00e9galement pour ce visa en d\u00e9montrant une reconnaissance exceptionnelle de leurs capacit\u00e9s au niveau international dans un domaine d\u2019\u00e9ducation pr\u00e9cis, 3 ann\u00e9es d\u2019exp\u00e9rience dans ce domaine et qu\u2019ils cherchent \u00e0 travailler pour employeur am\u00e9ricain dans le m\u00eame domaine acad\u00e9mique.<\/p>\n<\/li>\n<li>\n<p class=\"font_8\" style=\"text-align: justify\">Les gestionnaires et les cadres d\u2019entreprises multinationales se qualifient s\u2019ils ont \u00e9t\u00e9 engag\u00e9s \u00e0 l\u2019\u00e9tranger pendant un an pour la m\u00eame entreprise, ont re\u00e7u une offre d\u2019emploi par l\u2019entit\u00e9 am\u00e9ricaine de cette entreprise et qu\u2019ils cherchent \u00e0 continuer de travailler en tant que gestionnaire ou cadre.<\/p>\n<\/li>\n<\/ul>\n<\/div>\n[\/vc_column_text][vc_row_inner css=\u00a0\u00bb.vc_custom_1488524834016{background-color: #f9f9f9 !important;}\u00a0\u00bb][vc_column_inner css=\u00a0\u00bb.vc_custom_1489265199717{margin-top: 40px !important;}\u00a0\u00bb][vc_column_text]\n<p style=\"text-align: center;font-size: 20px\"><strong>Travailleurs sp\u00e9cialis\u00e9s Professionnels &amp; autre travailleur<\/strong><\/p>\n[\/vc_column_text][vc_single_image image=\u00a0\u00bb189&Prime; img_size=\u00a0\u00bbfull\u00a0\u00bb alignment=\u00a0\u00bbcenter\u00a0\u00bb css=\u00a0\u00bb.vc_custom_1489265209174{margin-bottom: 10px !important;}\u00a0\u00bb][\/vc_column_inner][\/vc_row_inner][vc_column_text]\n<div id=\"i4bjivfu\" class=\"s1\">\n<ul class=\"font_8\">\n<li>\n<p class=\"font_8\" style=\"text-align: justify\">Les travailleurs professionnels sont des individus qui d\u00e9tiennent un dipl\u00f4me de baccalaur\u00e9at ou l\u2019\u00e9quivalent \u00e0 l\u2019\u00e9tranger et qui ont re\u00e7u une offre d\u2019emploi pour un poste professionnel requ\u00e9rant habituellement un dipl\u00f4me ou des \u00e9tudes sup\u00e9rieures.<\/p>\n<\/li>\n<li style=\"text-align: justify\">\n<p class=\"font_8\">On entend par travailleurs sp\u00e9cialis\u00e9s des individus qui ont une offre d\u2019emploi permanent qui demande au moins 2 ans de formation ou d\u2019exp\u00e9rience de travail.<\/p>\n<\/li>\n<li style=\"text-align: justify\">\n<p class=\"font_8\">On entend par autre travailleur les ressortissants \u00e9trangers poss\u00e9dant moins de 2 ans de formation et d\u2019exp\u00e9rience de travail.<\/p>\n<\/li>\n<\/ul>\n<p class=\"font_8\" style=\"text-align: justify\">Prenez note que tous les travailleurs mentionn\u00e9s ci-dessus doivent avoir re\u00e7u une offre d&#8217;emploi et une certification de travail \u00e0 moins qu\u2019il y ait un manque d\u2019employ\u00e9 dans ce domaine qui a \u00e9t\u00e9 reconnu par le D\u00e9partement de travail des \u00c9-U.<\/p>\n<\/div>\n[\/vc_column_text][vc_row_inner css=\u00a0\u00bb.vc_custom_1488524843456{background-color: #fcfcfc !important;}\u00a0\u00bb][vc_column_inner css=\u00a0\u00bb.vc_custom_1489265275440{margin-top: 40px !important;}\u00a0\u00bb][vc_column_text]\n<p style=\"text-align: center;font-size: 20px\"><strong>Investisseur immigrant <\/strong><\/p>\n[\/vc_column_text][vc_single_image image=\u00a0\u00bb408&Prime; img_size=\u00a0\u00bbfull\u00a0\u00bb alignment=\u00a0\u00bbcenter\u00a0\u00bb css=\u00a0\u00bb.vc_custom_1489262416664{margin-top: 10px !important;margin-bottom: 10px !important;}\u00a0\u00bb][\/vc_column_inner][\/vc_row_inner][vc_column_text]\n<p class=\"font_8\" style=\"text-align: justify\">L\u2019objectif de cette cat\u00e9gorie est de stimuler l\u2019\u00e9conomie am\u00e9ricaine par la cr\u00e9ation d\u2019emploi et d\u2019investissements du capital d\u2019investisseurs \u00e9trangers. Les exigences sont :<\/p>\n<ul class=\"font_8\">\n<li style=\"text-align: justify\">\n<p class=\"font_8\">L\u2019\u00e9tablissement d\u2019une nouvelle entreprise commerciale \u00e0 but lucratif<\/p>\n<\/li>\n<li style=\"text-align: justify\">\n<p class=\"font_8\">Cr\u00e9er au moins 10 emplois \u00e0 temps plein pour les travailleurs am\u00e9ricains admissibles dans les deux ans de la r\u00e9sidence permanente conditionnelle de l\u2019investisseur.<\/p>\n<\/li>\n<li>\n<p class=\"font_8\" style=\"text-align: justify\">Un investissement aux \u00c9tats-Unis d\u2019au moins 1 million $ ou de 500,000$ si l\u2019investissement est fait dans une r\u00e9gion \u00e9lev\u00e9e en taux de ch\u00f4mage ou dans une r\u00e9gion rurale aux \u00c9-U.<\/p>\n<\/li>\n<\/ul>\n[\/vc_column_text][\/vc_column][vc_column width=\u00a0\u00bb1\/2&Prime;][vc_row_inner css=\u00a0\u00bb.vc_custom_1488524695360{background-color: #ffffff !important;}\u00a0\u00bb][vc_column_inner css=\u00a0\u00bb.vc_custom_1489264941694{margin-top: 40px !important;}\u00a0\u00bb][vc_column_text]\n<p style=\"text-align: center;font-size: 20px\"><strong>\u00c9tudes sup\u00e9rieures, capacit\u00e9s exceptionnelles et exemption dans l\u2019int\u00e9r\u00eat de la nation <\/strong><\/p>\n[\/vc_column_text][vc_single_image image=\u00a0\u00bb388&Prime; img_size=\u00a0\u00bbfull\u00a0\u00bb alignment=\u00a0\u00bbcenter\u00a0\u00bb css=\u00a0\u00bb.vc_custom_1489265056889{margin-bottom: 10px !important;}\u00a0\u00bb][\/vc_column_inner][\/vc_row_inner][vc_column_text]\n<ul class=\"font_8\">\n<li>\n<p class=\"font_8\" style=\"text-align: justify\">Les individus ayant un dipl\u00f4me d\u2019\u00e9tudes sup\u00e9rieures ou une \u00e9ducation et une exp\u00e9rience \u00e9quivalente peuvent immigrer aux \u00c9-U s\u2019ils ont re\u00e7u une offre d\u2019emploi qui requiert un dipl\u00f4me d\u2019\u00e9tudes sup\u00e9rieures ou son \u00e9quivalent. En plus, l\u2019employeur doit examiner le march\u00e9 du travail pour s\u2019assurer que le travailleur \u00e9tranger cherchant \u00e0 immigrer ne d\u00e9loge pas des travailleurs am\u00e9ricains \u00e9galement qualifi\u00e9s (certification de travail)<\/p>\n<\/li>\n<li style=\"text-align: justify\">\n<p class=\"font_8\">Les travailleurs avec des \u00ab capacit\u00e9s exceptionnelles \u00bb dans le domaine des sciences, des arts ou des affaires qui peuvent contribuer \u00e0 am\u00e9liorer la situation \u00e9conomique, culturelle et l\u2019int\u00e9r\u00eat en \u00e9ducation du pays et qui ont re\u00e7u une offre d\u2019emploi peuvent aussi soumettre une demande.<\/p>\n<\/li>\n<li>\n<p class=\"font_8\" style=\"text-align: justify\">Les gestionnaires et les cadres d\u2019entreprises multinationales se qualifient s\u2019ils ont \u00e9t\u00e9 engag\u00e9s \u00e0 l\u2019\u00e9tranger pendant un an pour la m\u00eame entreprise, ont re\u00e7u une offre d\u2019emploi par l\u2019entit\u00e9 am\u00e9ricaine de cette entreprise et qu\u2019ils cherchent \u00e0 continuer de travailler en tant que gestionnaire ou cadre.<\/p>\n<\/li>\n<\/ul>\n[\/vc_column_text][vc_row_inner css=\u00a0\u00bb.vc_custom_1488524825665{background-color: #ffffff !important;}\u00a0\u00bb][vc_column_inner css=\u00a0\u00bb.vc_custom_1489265192054{margin-top: 40px !important;}\u00a0\u00bb][vc_column_text]\n<p style=\"text-align: center;font-size: 20px\"><strong>Travailleurs sp\u00e9cialis\u00e9s Professionnels &amp; autre travailleur<\/strong><\/p>\n[\/vc_column_text][vc_single_image image=\u00a0\u00bb406&Prime; img_size=\u00a0\u00bbfull\u00a0\u00bb alignment=\u00a0\u00bbcenter\u00a0\u00bb css=\u00a0\u00bb.vc_custom_1489265217353{margin-bottom: 10px !important;}\u00a0\u00bb][vc_column_text]\n<ul class=\"font_8\">\n<li>\n<p class=\"font_8\" style=\"text-align: justify\">Les travailleurs religieux peuvent soumettre une demande pour visa d\u2019immigrant s\u2019ils ont fait partie d\u2019un groupe religieux pendant au moins deux ans et qu\u2019ils cherchent \u00e0 \u00eatre admis aux \u00c9-U pour travailler \u00e0 temps plein dans une organisation religieuse ou un poste \u00e0 vocation religieuse. D\u2019autres cat\u00e9gories sp\u00e9ciales d\u2019immigrant incluent:<\/p>\n<\/li>\n<li style=\"text-align: justify\">\n<p class=\"font_8\">La Loi sur la violence contre les femmes (VAWA : \u00ab Violence against Women Act \u00bb) qui inclut les demandes provenant d\u2019\u00e9poux, de parents ou d\u2019enfants de citoyens am\u00e9ricains ou de r\u00e9sidents permanents, battus ou maltrait\u00e9s.<\/p>\n<\/li>\n<li style=\"text-align: justify\">\n<p class=\"font_8\">\u00a0Les jeunes qui sont pupilles de la nation aux \u00c9tats-Unis.<\/p>\n<\/li>\n<li>\n<p class=\"font_8\" style=\"text-align: justify\">Employ\u00e9 du Canal de Panama, employ\u00e9 d\u2019une organisation internationale ou un membre de sa famille ; membre des forces arm\u00e9es ; ressortissant de l\u2019Afghanistan ou de l\u2019Iraq qui ont soutenu les Forces arm\u00e9es am\u00e9ricaines comme traducteur ; ressortissant de l\u2019Iraq qui a travaill\u00e9 pour le gouvernement am\u00e9ricain en Iraq ou un ressortissant afghan qui a travaill\u00e9 pour le gouvernement am\u00e9ricain en Afghanistan.<\/p>\n<\/li>\n<\/ul>\n[\/vc_column_text][\/vc_column_inner][\/vc_row_inner][\/vc_column][\/mk_page_section]\n<\/div>","protected":false},"excerpt":{"rendered":"<p>[mk_page_section bg_image=\u00a0\u00bbhttps:\/\/www.gottschalk.law\/wp-content\/uploads\/sites\/22\/2016\/09\/valley-of-fire.jpg\u00a0\u00bb bg_position=\u00a0\u00bbcenter center\u00a0\u00bb bg_repeat=\u00a0\u00bbno-repeat\u00a0\u00bb bg_stretch=\u00a0\u00bbtrue\u00a0\u00bb video_color_mask=\u00a0\u00bb#56100d\u00a0\u00bb video_opacity=\u00a0\u00bb0.3&Prime; min_height=\u00a0\u00bb400&Prime; js_vertical_centered=\u00a0\u00bbtrue\u00a0\u00bb sidebar=\u00a0\u00bbsidebar-1&Prime;][vc_column][mk_fancy_title color=\u00a0\u00bb#ffffff\u00a0\u00bb size=\u00a0\u00bb35&Prime; font_family=\u00a0\u00bbnone\u00a0\u00bb] Cartes vertes fond\u00e9es sur l\u2019emploi ou l\u2019investissement [\/mk_fancy_title][vc_column_text] Le Congr\u00e8s a allou\u00e9 un certain nombre de visas pour les individus d\u00e9sirant immigrer aux \u00c9-U en raison d\u2019un emploi ou pour investir et qui se qualifie dans au moins une des cinq [&hellip;]<\/p>\n","protected":false},"author":1,"featured_media":0,"parent":0,"menu_order":0,"comment_status":"closed","ping_status":"closed","template":"","meta":{"footnotes":""},"class_list":["post-127","page","type-page","status-publish","hentry"],"_links":{"self":[{"href":"https:\/\/www.gottschalk.law\/fr\/wp-json\/wp\/v2\/pages\/127","targetHints":{"allow":["GET"]}}],"collection":[{"href":"https:\/\/www.gottschalk.law\/fr\/wp-json\/wp\/v2\/pages"}],"about":[{"href":"https:\/\/www.gottschalk.law\/fr\/wp-json\/wp\/v2\/types\/page"}],"author":[{"embeddable":true,"href":"https:\/\/www.gottschalk.law\/fr\/wp-json\/wp\/v2\/users\/1"}],"replies":[{"embeddable":true,"href":"https:\/\/www.gottschalk.law\/fr\/wp-json\/wp\/v2\/comments?post=127"}],"version-history":[{"count":36,"href":"https:\/\/www.gottschalk.law\/fr\/wp-json\/wp\/v2\/pages\/127\/revisions"}],"predecessor-version":[{"id":563,"href":"https:\/\/www.gottschalk.law\/fr\/wp-json\/wp\/v2\/pages\/127\/revisions\/563"}],"wp:attachment":[{"href":"https:\/\/www.gottschalk.law\/fr\/wp-json\/wp\/v2\/media?parent=127"}],"curies":[{"name":"wp","href":"https:\/\/api.w.org\/{rel}","templated":true}]}}