{"id":136,"date":"2016-08-26T19:59:51","date_gmt":"2016-08-26T19:59:51","guid":{"rendered":"https:\/\/www.moapavalleybuilders.com\/?post_type=model&#038;p=758"},"modified":"2017-03-11T12:08:02","modified_gmt":"2017-03-11T12:08:02","slug":"links","status":"publish","type":"page","link":"https:\/\/www.gottschalk.law\/fr\/links\/","title":{"rendered":"LIENS"},"content":{"rendered":"[mk_page_section bg_image=\u00a0\u00bbhttps:\/\/www.gottschalk.law\/wp-content\/uploads\/sites\/22\/2016\/09\/picture-of-lamp.jpg\u00a0\u00bb bg_position=\u00a0\u00bbcenter center\u00a0\u00bb bg_repeat=\u00a0\u00bbno-repeat\u00a0\u00bb bg_stretch=\u00a0\u00bbtrue\u00a0\u00bb video_color_mask=\u00a0\u00bb#a83321&Prime; video_opacity=\u00a0\u00bb0.3&Prime; min_height=\u00a0\u00bb400&Prime; js_vertical_centered=\u00a0\u00bbtrue\u00a0\u00bb sidebar=\u00a0\u00bbsidebar-1&Prime;][vc_column][mk_fancy_title color=\u00a0\u00bb#ffffff\u00a0\u00bb size=\u00a0\u00bb35&Prime; font_family=\u00a0\u00bbnone\u00a0\u00bb]\n<p style=\"text-align: center\">QUELQUES LIENS UTILES<\/p>\n[\/mk_fancy_title][\/vc_column][\/mk_page_section][mk_page_section][vc_column width=\u00a0\u00bb1\/6&Prime;][\/vc_column][vc_column width=\u00a0\u00bb2\/3&Prime;][mk_padding_divider][vc_column_text]\n<p class=\"font_8\"><strong>D\u00e9partement de la s\u00e9curit\u00e9 int\u00e9rieure<\/strong><\/p>\n<p>Services de la citoyennet\u00e9 et de l\u2019immigration aux \u00c9-U <a href=\"http:\/\/www.uscis.gov\/\" target=\"_blank\">\u00a0(United States Citizenship and Immigration Service &#8211; USCIS)<\/a><\/p>\n<p>V\u00e9rifiez <a href=\"https:\/\/egov.uscis.gov\/casestatus\/landing.do\" target=\"_blank\">le statut<\/a> de votre demande \u00e0 l\u2019USCIS si vous avez un num\u00e9ro de re\u00e7u<\/p>\n<p>D\u00e9lai de traitement aupr\u00e8s de l\u2019<a href=\"https:\/\/egov.uscis.gov\/cris\/processTimesDisplayInit.do\" target=\"_blank\">USCIS <\/a><\/p>\n<p class=\"font_8\"><strong>D\u00e9partement d\u2019\u00c9tat am\u00e9ricain (U.S. Department of State &#8211; DOS)<\/strong><\/p>\n<p>V\u00e9rifiez le statut de votre demande au <a href=\"https:\/\/ceac.state.gov\/ceacstattracker\/status.aspx\" target=\"_blank\">DOS<\/a> si vous avez un num\u00e9ro de demande pour visa immigrant<\/p>\n<p>V\u00e9rifiez le bulletin visa du DOS pour consulter les dates prioritaires pour votre <a href=\"https:\/\/travel.state.gov\/content\/visas\/en\/law-and-policy\/bulletin.html\" target=\"_blank\">visa immigrant<\/a><\/p>\n<p><a href=\"http:\/\/www.usembassy.gov\/\" target=\"_blank\">Liste<\/a> de consulats am\u00e9ricains \u00e0 l\u2019\u00e9tranger<\/p>\n<p>Information \u00e0 propos du Programme visa de <a href=\"https:\/\/travel.state.gov\/content\/visas\/en\/immigrate\/diversity-visa\/Diversity-2015-Instructions.html\" target=\"_blank\">diversit\u00e9 (loterie visa)<\/a><\/p>\n<p class=\"font_8\"><strong>D\u00e9partement du travail aux \u00c9-U (DOL) <\/strong><\/p>\n<p>V\u00e9rifiez les d\u00e9lais de traitements pour <a href=\"https:\/\/icert.doleta.gov\/\" target=\"_blank\">votre demande PERM<\/a> (\u00ab\u00a0Gestion du programme d\u2019examen \u00e9lectronique\u00a0\u00bb)[\/vc_column_text][\/vc_column][vc_column width=\u00a0\u00bb1\/6&Prime;][\/vc_column][\/mk_page_section]","protected":false},"excerpt":{"rendered":"<p>[mk_page_section bg_image=\u00a0\u00bbhttps:\/\/www.gottschalk.law\/wp-content\/uploads\/sites\/22\/2016\/09\/picture-of-lamp.jpg\u00a0\u00bb bg_position=\u00a0\u00bbcenter center\u00a0\u00bb bg_repeat=\u00a0\u00bbno-repeat\u00a0\u00bb bg_stretch=\u00a0\u00bbtrue\u00a0\u00bb video_color_mask=\u00a0\u00bb#a83321&Prime; video_opacity=\u00a0\u00bb0.3&Prime; min_height=\u00a0\u00bb400&Prime; js_vertical_centered=\u00a0\u00bbtrue\u00a0\u00bb sidebar=\u00a0\u00bbsidebar-1&Prime;][vc_column][mk_fancy_title color=\u00a0\u00bb#ffffff\u00a0\u00bb size=\u00a0\u00bb35&Prime; font_family=\u00a0\u00bbnone\u00a0\u00bb] QUELQUES LIENS UTILES [\/mk_fancy_title][\/vc_column][\/mk_page_section][mk_page_section][vc_column width=\u00a0\u00bb1\/6&Prime;][\/vc_column][vc_column width=\u00a0\u00bb2\/3&Prime;][mk_padding_divider][vc_column_text] D\u00e9partement de la s\u00e9curit\u00e9 int\u00e9rieure Services de la citoyennet\u00e9 et de l\u2019immigration aux \u00c9-U \u00a0(United States Citizenship and Immigration Service &#8211; USCIS) V\u00e9rifiez le statut de votre demande \u00e0 l\u2019USCIS si vous avez un num\u00e9ro [&hellip;]<\/p>\n","protected":false},"author":1,"featured_media":0,"parent":0,"menu_order":0,"comment_status":"closed","ping_status":"closed","template":"","meta":{"footnotes":""},"class_list":["post-136","page","type-page","status-publish","hentry"],"_links":{"self":[{"href":"https:\/\/www.gottschalk.law\/fr\/wp-json\/wp\/v2\/pages\/136","targetHints":{"allow":["GET"]}}],"collection":[{"href":"https:\/\/www.gottschalk.law\/fr\/wp-json\/wp\/v2\/pages"}],"about":[{"href":"https:\/\/www.gottschalk.law\/fr\/wp-json\/wp\/v2\/types\/page"}],"author":[{"embeddable":true,"href":"https:\/\/www.gottschalk.law\/fr\/wp-json\/wp\/v2\/users\/1"}],"replies":[{"embeddable":true,"href":"https:\/\/www.gottschalk.law\/fr\/wp-json\/wp\/v2\/comments?post=136"}],"version-history":[{"count":13,"href":"https:\/\/www.gottschalk.law\/fr\/wp-json\/wp\/v2\/pages\/136\/revisions"}],"predecessor-version":[{"id":499,"href":"https:\/\/www.gottschalk.law\/fr\/wp-json\/wp\/v2\/pages\/136\/revisions\/499"}],"wp:attachment":[{"href":"https:\/\/www.gottschalk.law\/fr\/wp-json\/wp\/v2\/media?parent=136"}],"curies":[{"name":"wp","href":"https:\/\/api.w.org\/{rel}","templated":true}]}}