{"id":203,"date":"2016-09-22T04:26:38","date_gmt":"2016-09-22T04:26:38","guid":{"rendered":"https:\/\/www.moapavalleybuilders.com\/?post_type=model&#038;p=758"},"modified":"2019-01-02T20:02:29","modified_gmt":"2019-01-02T20:02:29","slug":"test-home-2","status":"publish","type":"page","link":"https:\/\/www.gottschalk.law\/fr\/","title":{"rendered":"HOME"},"content":{"rendered":"<div class=\"wpb-content-wrapper\">[mk_page_section bg_image=\u00a0\u00bbhttps:\/\/www.gottschalk.law\/wp-content\/uploads\/sites\/22\/2016\/09\/road-1303617_1920.jpg\u00a0\u00bb bg_image_portrait=\u00a0\u00bbhttps:\/\/www.gottschalk.law\/wp-content\/uploads\/sites\/22\/2016\/09\/road-1303617_1920-e1475495189806.jpg\u00a0\u00bb bg_position=\u00a0\u00bbcenter center\u00a0\u00bb enable_3d=\u00a0\u00bbtrue\u00a0\u00bb speed_factor=\u00a0\u00bb0.1&Prime; bg_gradient=\u00a0\u00bbradial\u00a0\u00bb video_color_mask=\u00a0\u00bb#1e73be\u00a0\u00bb gr_end=\u00a0\u00bb#dd3333&Prime; video_opacity=\u00a0\u00bb0.1&Prime; min_height=\u00a0\u00bb500&Prime; js_vertical_centered=\u00a0\u00bbtrue\u00a0\u00bb skip_arrow=\u00a0\u00bbtrue\u00a0\u00bb sidebar=\u00a0\u00bbsidebar-1&Prime;][vc_column][vc_column_text animation=\u00a0\u00bbflip-x\u00a0\u00bb el_class=\u00a0\u00bbhome_page_header\u00a0\u00bb]\n<h3 style=\"text-align: left\"><span style=\"color: #ffffff\">Avocate en droit d\u2019immigration des<\/span><\/h3>\n<h3 style=\"text-align: left\"><span style=\"color: #ffffff\">affaires aux \u00c9tats-Unis<\/span><\/h3>\n[\/vc_column_text][vc_row_inner][vc_column_inner width=\u00a0\u00bb1\/4&Prime;][mk_button corner_style=\u00a0\u00bbfull_rounded\u00a0\u00bb size=\u00a0\u00bbmedium\u00a0\u00bb url=\u00a0\u00bbhttps:\/\/www.gottschalk.law\/fr\/about-nathalie-gottschalk\/\u00a0\u00bb target=\u00a0\u00bb_blank\u00a0\u00bb]\u00c0 propos de Nathalie Gottschalk[\/mk_button][\/vc_column_inner][vc_column_inner width=\u00a0\u00bb1\/2&Prime;][\/vc_column_inner][vc_column_inner width=\u00a0\u00bb1\/4&Prime;][\/vc_column_inner][\/vc_row_inner][\/vc_column][\/mk_page_section][mk_page_section padding_top=\u00a0\u00bb0&Prime; padding_bottom=\u00a0\u00bb0&Prime; sidebar=\u00a0\u00bbsidebar-1&Prime;][vc_column][mk_padding_divider size=\u00a0\u00bb30&Prime;][vc_row_inner][vc_column_inner width=\u00a0\u00bb1\/2&Prime;][vc_text_separator title=\u00a0\u00bbCABINET\u00a0\u00bb i_color=\u00a0\u00bbjuicy_pink\u00a0\u00bb add_icon=\u00a0\u00bbtrue\u00a0\u00bb][vc_column_text]\n<p style=\"text-align: justify\">J\u2019offre des services en immigration aux \u00c9tats-Unis \u00e0 l\u2019\u00e9chelle internationale et nationale par t\u00e9l\u00e9phone, courriel, Skype ou messagerie de nuit. Puisque le droit de l\u2019immigration aux \u00c9-U est un champ de comp\u00e9tence f\u00e9d\u00e9rale, je suis en mesure d\u2019offrir mes services \u00e0 vous et votre entreprise dans n\u2019importe quel \u00e9tat ou pays. En utilisant la technologie moderne, je peux offrir des conseils juridiques ayant le m\u00eame niveau de qualit\u00e9 que si vous habitiez ou travailliez pr\u00e8s de mon bureau \u00e0 Las Vegas ou \u00e0 l\u2019autre bout du monde. Je ma\u00eetrise le fran\u00e7ais et l\u2019espagnol de m\u00eame que l\u2019anglais afin de mieux servir et assister mes clients partout dans le monde.<\/p>\n[\/vc_column_text][mk_button corner_style=\u00a0\u00bbfull_rounded\u00a0\u00bb size=\u00a0\u00bbmedium\u00a0\u00bb url=\u00a0\u00bbhttps:\/\/www.gottschalk.law\/fr\/firm\/\u00a0\u00bb target=\u00a0\u00bb_blank\u00a0\u00bb align=\u00a0\u00bbcenter\u00a0\u00bb]Pourquoi me choisir?[\/mk_button][\/vc_column_inner][vc_column_inner width=\u00a0\u00bb1\/4&Prime;][vc_text_separator title=\u00a0\u00bbDOMAINES DE PRATIQUE\u00a0\u00bb i_icon_fontawesome=\u00a0\u00bbfa fa-bars\u00a0\u00bb i_color=\u00a0\u00bbjuicy_pink\u00a0\u00bb add_icon=\u00a0\u00bbtrue\u00a0\u00bb][mk_custom_list]\n<ul>\n<li><a href=\"https:\/\/www.gottschalk.law\/fr\/employment-based-green-card\/\" target=\"_blank\" rel=\"noopener\">Immigration d\u2019affaires<\/a><\/li>\n<li><a href=\"https:\/\/www.gottschalk.law\/fr\/temporary-work-visas\/\" target=\"_blank\" rel=\"noopener\">Visas temporaires de travail<\/a><\/li>\n<li><a href=\"https:\/\/www.gottschalk.law\/fr\/employment-based-green-card\/\" target=\"_blank\" rel=\"noopener\">Visas d\u2019investisseur<\/a><\/li>\n<li><a href=\"https:\/\/www.gottschalk.law\/immigration-due-diligence-in-m-a\/\"><span style=\"font-weight: 400\">Due dilligences en mati\u00e8re d&rsquo;immigration dans les fusions et acquisitions<\/span><\/a><\/li>\n<li>Modification et changement d\u2019\u00e9tat<\/li>\n<li>Traitement consulaire<\/li>\n<\/ul>\n<p><img decoding=\"async\" src=\"https:\/\/www.gottschalk.law\/wp-content\/uploads\/sites\/22\/2017\/03\/3cb09c_f6117ff47e6142cf85e96e0492b5bf2d.jpg\" alt=\"\" \/><br \/>\n<a href=\"https:\/\/www.avvo.com\/attorneys\/89074-nv-nathalie-gottschalk-4287560.html?cm_mmc=Avvo-_-Avvo_Badge-_-Micro-_-4287560\" target=\"_blank\" rel=\"noopener\"><br \/>\n<img decoding=\"async\" src=\"https:\/\/www.gottschalk.law\/wp-content\/uploads\/sites\/22\/2017\/03\/3cb09c_3b4dee8140914305b1fe8a9c8c2b73e2.jpg\" alt=\"\" \/><br \/>\n<\/a><\/p>\n<p><!--more--><\/p>\n<p><!--more-->[\/mk_custom_list][\/vc_column_inner][vc_column_inner width=\u00a0\u00bb1\/4&Prime;][vc_text_separator title=\u00a0\u00bbFAQs\u00a0\u00bb i_icon_fontawesome=\u00a0\u00bbfa fa-question-circle\u00a0\u00bb i_color=\u00a0\u00bbjuicy_pink\u00a0\u00bb add_icon=\u00a0\u00bbtrue\u00a0\u00bb][vc_raw_html]JTNDJTIxLS0lMjBiZWdpbiUyMGF2dm8lMjBhbnN3ZXJzJTIwLS0lM0UlM0NkaXYlMjBpZCUzRCUyMmF2dm9fYW5zd2VycyUyMiUyMCUwQXN0eWxlJTNEJTIyd2lkdGglM0ExMDAlMjUlM0JoZWlnaHQlM0EzMDBweCUzQi13ZWJraXQtb3ZlcmZsb3ctc2Nyb2xsaW5nJTNBdG91Y2glM0JvdmVyZmxvdy0lMEF5JTNBaGlkZGVuJTNCJTIyJTNFJTNDaWZyYW1lJTIwd2lkdGglM0QlMjI5OSUyNSUyMiUyMGhlaWdodCUzRCUyMjEwMCUyNSUyMiUyMCUwQXNyYyUzRCUyMmh0dHBzJTNBJTJGJTJGd3d3LmF2dm8uY29tJTJGYXR0b3JuZXlzJTJGYW5zd2VyX3N5bmRpY2F0aW9uX2xpc3QlMkY4OTA3NC1udi1uYXRoYWxpZS0lMEFnb3R0c2NoYWxrLTQyODc1NjAuaHRtbCUyMiUzRSUzQyUyRmlmcmFtZSUzRSUzQyUyRmRpdiUzRSUzQ25vc2NyaXB0JTNFJTNDYSUyMCUwQWhyZWYlM0QlMjJodHRwcyUzQSUyRiUyRnd3dy5hdnZvLmNvbSUyRiUyMiUzRUdldCUyMG15JTIwYW5zd2VycyUyMHRvJTIwbGVnYWwlMjBxdWVzdGlvbnMlMjBhdCUyMCUwQUF2dm8uY29tJTNDJTJGYSUzRSUzQyUyRm5vc2NyaXB0JTNFJTNDJTIxLS0lMjBlbmQlMjBhdnZvJTIwYW5zd2VycyUyMC0tJTNF[\/vc_raw_html][\/vc_column_inner][\/vc_row_inner][mk_padding_divider size=\u00a0\u00bb20&Prime;][\/vc_column][\/mk_page_section]\n<\/div>","protected":false},"excerpt":{"rendered":"<p>D\u00e9sol\u00e9, cet article est seulement disponible en English.<\/p>\n","protected":false},"author":3,"featured_media":0,"parent":0,"menu_order":0,"comment_status":"closed","ping_status":"closed","template":"","meta":{"footnotes":""},"class_list":["post-203","page","type-page","status-publish","hentry"],"_links":{"self":[{"href":"https:\/\/www.gottschalk.law\/fr\/wp-json\/wp\/v2\/pages\/203","targetHints":{"allow":["GET"]}}],"collection":[{"href":"https:\/\/www.gottschalk.law\/fr\/wp-json\/wp\/v2\/pages"}],"about":[{"href":"https:\/\/www.gottschalk.law\/fr\/wp-json\/wp\/v2\/types\/page"}],"author":[{"embeddable":true,"href":"https:\/\/www.gottschalk.law\/fr\/wp-json\/wp\/v2\/users\/3"}],"replies":[{"embeddable":true,"href":"https:\/\/www.gottschalk.law\/fr\/wp-json\/wp\/v2\/comments?post=203"}],"version-history":[{"count":90,"href":"https:\/\/www.gottschalk.law\/fr\/wp-json\/wp\/v2\/pages\/203\/revisions"}],"predecessor-version":[{"id":691,"href":"https:\/\/www.gottschalk.law\/fr\/wp-json\/wp\/v2\/pages\/203\/revisions\/691"}],"wp:attachment":[{"href":"https:\/\/www.gottschalk.law\/fr\/wp-json\/wp\/v2\/media?parent=203"}],"curies":[{"name":"wp","href":"https:\/\/api.w.org\/{rel}","templated":true}]}}