{"id":24,"date":"2016-08-26T14:01:31","date_gmt":"2016-08-26T14:01:31","guid":{"rendered":"https:\/\/www.moapavalleybuilders.com\/?post_type=model&#038;p=758"},"modified":"2023-12-21T18:19:38","modified_gmt":"2023-12-21T18:19:38","slug":"firm","status":"publish","type":"page","link":"https:\/\/www.gottschalk.law\/fr\/firm\/","title":{"rendered":"CABINET"},"content":{"rendered":"[mk_page_section bg_image=\u00a0\u00bbhttps:\/\/www.gottschalk.law\/wp-content\/uploads\/sites\/22\/2016\/09\/valley-of-fire4.jpg\u00a0\u00bb bg_position=\u00a0\u00bbcenter bottom\u00a0\u00bb bg_repeat=\u00a0\u00bbno-repeat\u00a0\u00bb bg_stretch=\u00a0\u00bbtrue\u00a0\u00bb video_color_mask=\u00a0\u00bbrgba(33,33,33,0.01)\u00a0\u00bb video_opacity=\u00a0\u00bb0&Prime; min_height=\u00a0\u00bb500&Prime; sidebar=\u00a0\u00bbsidebar-1&Prime;][vc_column][mk_fancy_title color=\u00a0\u00bb#ffffff\u00a0\u00bb size=\u00a0\u00bb35&Prime; font_family=\u00a0\u00bbnone\u00a0\u00bb]\n<p style=\"text-align: center;margin-top: 130px\">LE CABINET<\/p>\n<p style=\"text-align: center\">\u00a0Pourquoi me choisir?<\/p>\n<p class=\"western\" align=\"left\"><span style=\"color: #000000\"><span style=\"font-family: 'Liberation Serif', 'Times New Roman', serif\"><span style=\"font-size: large\"><span lang=\"fr-FR\">\u00a0<\/span><\/span><\/span><\/span><\/p>\n[\/mk_fancy_title][\/vc_column][\/mk_page_section][mk_page_section][vc_column width=\u00a0\u00bb1\/3&Prime;][mk_padding_divider size=\u00a0\u00bb20&Prime;][mk_fancy_title size=\u00a0\u00bb20&Prime; font_family=\u00a0\u00bbnone\u00a0\u00bb]\n<p style=\"text-align: center\"><strong>Comprendre vos objectifs et besoins <\/strong><\/p>\n[\/mk_fancy_title][vc_column_text]\n<p class=\"font_7\" style=\"text-align: justify\">Mon devoir, en tant qu\u2019avocate, est d\u2019\u00e9valuer votre dossier rigoureusement et \u00e9quitablement. Une fois que je comprends vos objectifs et vos besoins, je peux vous aider dans l\u2019exploration de moyens l\u00e9gaux pouvant \u00eatre entrepris pour vous, votre famille ou votre entreprise.<\/p>\n<p class=\"font_7\" style=\"text-align: justify\">Ce n\u2019est pas dans mon int\u00e9r\u00eat d\u2019accepter votre dossier, s\u2019il n\u2019a pas de chance de succ\u00e8s. Je vais diriger votre dossier du d\u00e9but \u00e0 la fin et je cr\u00e9erai une strat\u00e9gie l\u00e9gale personnalis\u00e9e et travaillerai personnellement avec vous pour r\u00e9aliser vos objectifs. Je limite le nombre de dossiers que j\u2019accepte puisque j\u2019accorde de l\u2019importance \u00e0 mon excellent taux de succ\u00e8s et \u00e0 la relation que je d\u00e9veloppe avec mes clients.<\/p>\n<p class=\"font_7\" style=\"text-align: justify\">Je suis minutieuse, amicale, altruiste et puisque je suis \u00e9galement une immigrante et que j\u2019ai eu \u00e0 passer par les m\u00eames proc\u00e9dures que tous ceux et celles voulant travailler ou immigrer aux \u00c9-U, je comprends les besoins et les inqui\u00e9tudes uniques auxquels mes clients doivent faire face.<\/p>\n<p class=\"font_7\" style=\"text-align: justify\">J\u2019exerce en droit de l\u2019immigration depuis plus de 10 ans et je suis tr\u00e8s famili\u00e8re avec les proc\u00e9dures et les tendances de l\u2019USCIS (Services de la citoyennet\u00e9 et de l\u2019immigration aux \u00c9-U), ses centres de service, le bureau r\u00e9gional \u00e0 Las Vegas et les consulats am\u00e9ricains \u00e0 l\u2019\u00e9tranger. Je vous donnerai une analyse honn\u00eate et l\u2019issue probable de votre dossier, qui sont une partie essentielle pour que vous puissiez prendre une d\u00e9cision \u00e9clair\u00e9e.<\/p>\n[\/vc_column_text][\/vc_column][vc_column width=\u00a0\u00bb1\/3&Prime;][mk_padding_divider size=\u00a0\u00bb20&Prime;][mk_fancy_title size=\u00a0\u00bb20&Prime; font_family=\u00a0\u00bbnone\u00a0\u00bb]\n<p style=\"text-align: center\"><strong>Attention et soin personnalis\u00e9 <\/strong><\/p>\n[\/mk_fancy_title][vc_column_text]\n<p style=\"text-align: justify\">Les services juridiques que j\u2019offre n\u2019adoptent pas l\u2019approche des cabinets \u00ab un moule pour tous \u00bb et je suis fi\u00e8re de faire personnellement mes propres appels. Je m\u2019engage \u00e0 vous rappeler personnellement dans les plus brefs d\u00e9lais puisque vos questions et vos inqui\u00e9tudes sont importantes pour moi. Je reconnais que chaque client a ses propres besoins et, de cette fa\u00e7on, je ne suis pas en mesure d\u2019avoir une solution universelle. L\u2019avantage que poss\u00e8de un petit cabinet r\u00e9side dans ma flexibilit\u00e9 \u00e0 adapter facilement ma repr\u00e9sentation l\u00e9gale pour r\u00e9pondre \u00e0 vos besoins et obtenir la meilleure issue pour votre dossier.<\/p>\n[\/vc_column_text][mk_fancy_title size=\u00a0\u00bb20&Prime; font_family=\u00a0\u00bbnone\u00a0\u00bb]\n<p style=\"text-align: center\"><strong>R\u00e9putation<\/strong><\/p>\n[\/mk_fancy_title][vc_column_text]\n<p class=\"font_8\" style=\"text-align: justify\">Vous \u00eates plus qu\u2019un client pour moi. Mon cabinet est honor\u00e9 lorsque des clients d\u00e9pendent de mes services pour s\u2019occuper des pr\u00e9occupations les plus importantes dans leurs vies ou leur entreprise. La confiance dont mes clients me t\u00e9moignent est importante pour moi.<br \/>\nJe compte sur ma r\u00e9putation pour attirer de nouveaux clients. La plupart de mes clients me sont confi\u00e9s suite \u00e0 des recommandations provenant d\u2019anciens clients satisfaits, d\u2019organisations sans but lucratif, de consulats \u00e9trangers aux \u00c9-U ou d\u2019autres avocats ne prenant pas de dossiers d\u2019immigration, mais qui sont familiers avec ma r\u00e9putation.<\/p>\n[\/vc_column_text][\/vc_column][vc_column width=\u00a0\u00bb1\/3&Prime;][mk_padding_divider size=\u00a0\u00bb20&Prime;][mk_fancy_title size=\u00a0\u00bb20&Prime; font_family=\u00a0\u00bbnone\u00a0\u00bb]\n<p style=\"text-align: center\"><strong>Premi\u00e8re consultation\u00a0<\/strong><\/p>\n[\/mk_fancy_title][vc_column_text]\n<p style=\"text-align: justify\">Ma premi\u00e8re consultation s&rsquo;agit de discuter avec vous sur votre dossier et de repondre a vos questions et inqui\u00e9tudes. Je vous donnerai de bonne foi une \u00e9valuation avant d\u2019accepter de vous repr\u00e9senter.<\/p>\n[\/vc_column_text][mk_fancy_title size=\u00a0\u00bb20&Prime; font_family=\u00a0\u00bbnone\u00a0\u00bb]\n<p style=\"text-align: center\"><strong>Abordable<\/strong><\/p>\n[\/mk_fancy_title][vc_column_text]\n<p style=\"text-align: justify\">Mes clients sont heureux d\u2019avoir acc\u00e8s \u00e0 une repr\u00e9sentation l\u00e9gale de qualit\u00e9 sans devoir payer les frais \u00e9lev\u00e9s d\u2019un grand cabinet. J\u2019offre une solution compl\u00e8te et rentable pour les entreprises et les individus ayant besoin d\u2019un conseiller en immigration. Pour aider \u00e0 contr\u00f4ler les co\u00fbts, j\u2019offre des options comme le paiement d\u2019une somme forfaitaire selon un \u00e9ch\u00e9ancier de paiement. Hormis votre premi\u00e8re consultation GRATUITE, je traiterai avec le D\u00e9partement de la s\u00e9curit\u00e9 int\u00e9rieure et je m\u2019occuperai des soucis et de la paperasse, vous permettant ainsi de vous concentrer sur votre entreprise et votre vie quotidienne avec vos proches.<\/p>\n[\/vc_column_text][mk_fancy_title size=\u00a0\u00bb20&Prime; font_family=\u00a0\u00bbnone\u00a0\u00bb]\n<p style=\"text-align: center\"><strong>Divers<\/strong><\/p>\n[\/mk_fancy_title][vc_column_text]\n<p style=\"text-align: justify\">Le cabinet juridique est dirig\u00e9, exploit\u00e9 et appartient \u00e0 une minorit\u00e9 ethnique et se consacre \u00e0 cr\u00e9er un lien avec ses clients et faire progresser leur engagement \u00e0 la diversit\u00e9 et l\u2019inclusion.<\/p>\n[\/vc_column_text][\/vc_column][\/mk_page_section]","protected":false},"excerpt":{"rendered":"<p>[mk_page_section bg_image=\u00a0\u00bbhttps:\/\/www.gottschalk.law\/wp-content\/uploads\/sites\/22\/2016\/09\/valley-of-fire4.jpg\u00a0\u00bb bg_position=\u00a0\u00bbcenter bottom\u00a0\u00bb bg_repeat=\u00a0\u00bbno-repeat\u00a0\u00bb bg_stretch=\u00a0\u00bbtrue\u00a0\u00bb video_color_mask=\u00a0\u00bbrgba(33,33,33,0.01)\u00a0\u00bb video_opacity=\u00a0\u00bb0&Prime; min_height=\u00a0\u00bb500&Prime; sidebar=\u00a0\u00bbsidebar-1&Prime;][vc_column][mk_fancy_title color=\u00a0\u00bb#ffffff\u00a0\u00bb size=\u00a0\u00bb35&Prime; font_family=\u00a0\u00bbnone\u00a0\u00bb] LE CABINET \u00a0Pourquoi me choisir? \u00a0 [\/mk_fancy_title][\/vc_column][\/mk_page_section][mk_page_section][vc_column width=\u00a0\u00bb1\/3&Prime;][mk_padding_divider size=\u00a0\u00bb20&Prime;][mk_fancy_title size=\u00a0\u00bb20&Prime; font_family=\u00a0\u00bbnone\u00a0\u00bb] Comprendre vos objectifs et besoins [\/mk_fancy_title][vc_column_text] Mon devoir, en tant qu\u2019avocate, est d\u2019\u00e9valuer votre dossier rigoureusement et \u00e9quitablement. Une fois que je comprends vos objectifs et vos besoins, je peux vous [&hellip;]<\/p>\n","protected":false},"author":1,"featured_media":0,"parent":0,"menu_order":0,"comment_status":"closed","ping_status":"closed","template":"","meta":{"footnotes":""},"class_list":["post-24","page","type-page","status-publish","hentry"],"_links":{"self":[{"href":"https:\/\/www.gottschalk.law\/fr\/wp-json\/wp\/v2\/pages\/24","targetHints":{"allow":["GET"]}}],"collection":[{"href":"https:\/\/www.gottschalk.law\/fr\/wp-json\/wp\/v2\/pages"}],"about":[{"href":"https:\/\/www.gottschalk.law\/fr\/wp-json\/wp\/v2\/types\/page"}],"author":[{"embeddable":true,"href":"https:\/\/www.gottschalk.law\/fr\/wp-json\/wp\/v2\/users\/1"}],"replies":[{"embeddable":true,"href":"https:\/\/www.gottschalk.law\/fr\/wp-json\/wp\/v2\/comments?post=24"}],"version-history":[{"count":19,"href":"https:\/\/www.gottschalk.law\/fr\/wp-json\/wp\/v2\/pages\/24\/revisions"}],"predecessor-version":[{"id":782,"href":"https:\/\/www.gottschalk.law\/fr\/wp-json\/wp\/v2\/pages\/24\/revisions\/782"}],"wp:attachment":[{"href":"https:\/\/www.gottschalk.law\/fr\/wp-json\/wp\/v2\/media?parent=24"}],"curies":[{"name":"wp","href":"https:\/\/api.w.org\/{rel}","templated":true}]}}