{"id":34,"date":"2016-08-26T14:45:37","date_gmt":"2016-08-26T14:45:37","guid":{"rendered":"https:\/\/www.moapavalleybuilders.com\/?post_type=model&#038;p=758"},"modified":"2023-12-21T18:20:06","modified_gmt":"2023-12-21T18:20:06","slug":"about-nathalie-gottschalk","status":"publish","type":"page","link":"https:\/\/www.gottschalk.law\/fr\/about-nathalie-gottschalk\/","title":{"rendered":"\u00c0 propos de Nathalie Gottschalk"},"content":{"rendered":"<div class=\"wpb-content-wrapper\">[mk_page_section bg_image=\u00a0\u00bbhttps:\/\/www.gottschalk.law\/wp-content\/uploads\/sites\/22\/2016\/09\/download.jpg\u00a0\u00bb bg_repeat=\u00a0\u00bbno-repeat\u00a0\u00bb bg_stretch=\u00a0\u00bbtrue\u00a0\u00bb video_color_mask=\u00a0\u00bb#f97352&Prime; video_opacity=\u00a0\u00bb0.3&Prime; min_height=\u00a0\u00bb300&Prime; js_vertical_centered=\u00a0\u00bbtrue\u00a0\u00bb sidebar=\u00a0\u00bbsidebar-1&Prime;][vc_column][mk_fancy_title color=\u00a0\u00bb#ffffff\u00a0\u00bb size=\u00a0\u00bb35&Prime; font_family=\u00a0\u00bbnone\u00a0\u00bb]\n<p style=\"text-align: center\">\u00c0 PROPOS DE NATHALIE GOTTSCHALK<\/p>\n[\/mk_fancy_title][\/vc_column][\/mk_page_section][vc_row][vc_column][mk_padding_divider size=\u00a0\u00bb30&Prime;][mk_padding_divider size=\u00a0\u00bb30&Prime;][\/vc_column][\/vc_row][vc_row][vc_column width=\u00a0\u00bb2\/3&Prime;][mk_fancy_title size=\u00a0\u00bb20&Prime; font_family=\u00a0\u00bbnone\u00a0\u00bb]\n<p style=\"text-align: center\"><strong>\u00c9DUCATION ET PARTICIPATION AUPR\u00c8S DE LA COMMUNAUT\u00c9<\/strong><\/p>\n[\/mk_fancy_title][vc_column_text]\n<p style=\"text-align: justify\">Nathalie Gottschalk est une avocate en droit de l\u2019immigration. Elle a exerc\u00e9 dans tous les domaines du droit de l\u2019immigration par liens familiaux et fond\u00e9 sur l\u2019emploi depuis 2004. Nathalie est n\u00e9e \u00e0 Paris, France, et a grandi \u00e0 Quito, \u00c9quateur, o\u00f9 elle a fr\u00e9quent\u00e9 l\u2019\u00e9cole d\u2019immersion fran\u00e7aise.<br \/>\n\u00c0 16 ans, elle a d\u00e9m\u00e9nag\u00e9 aux \u00c9tats-Unis pour \u00e9tudier les relations internationales et la litt\u00e9rature fran\u00e7aise \u00e0 l\u2019Universit\u00e9 de la ville de New York au terme d\u2019un baccalaur\u00e9at.<br \/>\nElle a fr\u00e9quent\u00e9 l\u2019Universit\u00e9 Paris-I-Panth\u00e9on-Sorbonne en 2001 o\u00f9 elle a suivi un programme d\u2019\u00e9t\u00e9 de l\u2019Universit\u00e9 Cornell. Elle a obtenu son dipl\u00f4me Juris Doctor \u00e0 l\u2019\u00c9cole de droit S.J. Quinney de l\u2019Universit\u00e9 de l\u2019Utah en 2003.<br \/>\nElle a acquis une solide compr\u00e9hension des autres cultures et des espoirs souhait\u00e9s des immigrants voulant un brillant avenir aux \u00c9tats-Unis.<br \/>\nHormis sa pratique en droit, elle utilise ses habilet\u00e9s en droit pour redonner \u00e0 la communaut\u00e9. Elle a occup\u00e9 le poste de tr\u00e9sori\u00e8re pour le chapitre Nevada de l\u2019Association am\u00e9ricaine des avocats en immigration de 2009 \u00e0 2012 et a \u00e9t\u00e9 membre du Comit\u00e9 pour les Fonds de s\u00e9curit\u00e9 client au Barreau de l\u2019\u00e9tat du Nevada de 2010 \u00e0 2012.<br \/>\nNathalie est autoris\u00e9e \u00e0 exercer sa profession d\u2019avocate en Utah, au Nevada et en Arizona. Elle est \u00e9galement membre fondatrice de l\u2019Acad\u00e9mie francophone de Las Vegas, visant \u00e0 encourager la langue et la culture fran\u00e7aise. Nathalie ma\u00eetrise l\u2019espagnol et le fran\u00e7ais.<\/p>\n[\/vc_column_text][\/vc_column][vc_column width=\u00a0\u00bb1\/3&Prime;][mk_image src=\u00a0\u00bbhttps:\/\/www.gottschalk.law\/wp-content\/uploads\/sites\/22\/2016\/08\/pic.png\u00a0\u00bb image_size=\u00a0\u00bbfull\u00a0\u00bb lightbox=\u00a0\u00bbtrue\u00a0\u00bb frame_style=\u00a0\u00bbsingle_line\u00a0\u00bb title=\u00a0\u00bbNATHALIE GOTTSCHALK\u00a0\u00bb][\/vc_column][\/vc_row][vc_row][vc_column][\/vc_column][\/vc_row][mk_page_section][vc_column width=\u00a0\u00bb2\/3&Prime;][mk_custom_list title=\u00a0\u00bbADH\u00c9SIONS AU BARREAU ET PERMIS D\u2019EXERCICE\u00a0\u00bb]\n<ul>\n<li>Membre active du Barreau de l\u2019\u00c9tat du Nevada depuis octobre 2004 ;<\/li>\n<li>Membre du Barreau de l\u2019\u00c9tat de l\u2019Utah depuis juin 2005 (status inactif);<\/li>\n<li>Membre du Barreau de l\u2019\u00c9tat de l\u2019Arizona depuis juillet 2010 (status inactif);<\/li>\n<li>Membre active de l\u2019Association am\u00e9ricaine des avocats en droit de l\u2019immigration (AILA);<\/li>\n<li>Tribunal de district des \u00c9tats-Unis pour le district du Nevada ;<\/li>\n<li>Tribunal de district des \u00c9tats-Unis pour le district de l\u2019Utah ;<\/li>\n<li>Neuvi\u00e8me circuit de la Cour d\u2019appel des \u00c9tats-Unis.<\/li>\n<\/ul>\n[\/mk_custom_list][\/vc_column][vc_column width=\u00a0\u00bb1\/3&Prime;][mk_custom_list title=\u00a0\u00bbPRIX\u00a0\u00bb]\n<ul>\n<li>Reconnaissance de service au Fonds de s\u00e9curit\u00e9 client, Barreau de l\u2019\u00c9tat du Nevada 2012 ;<\/li>\n<li>Club 50 heures, Centre d\u2019aide juridique du sud du Nevada, Projet pro bono 2010.<\/li>\n<\/ul>\n[\/mk_custom_list][\/vc_column][\/mk_page_section]\n<\/div>","protected":false},"excerpt":{"rendered":"<p>[mk_page_section bg_image=\u00a0\u00bbhttps:\/\/www.gottschalk.law\/wp-content\/uploads\/sites\/22\/2016\/09\/download.jpg\u00a0\u00bb bg_repeat=\u00a0\u00bbno-repeat\u00a0\u00bb bg_stretch=\u00a0\u00bbtrue\u00a0\u00bb video_color_mask=\u00a0\u00bb#f97352&Prime; video_opacity=\u00a0\u00bb0.3&Prime; min_height=\u00a0\u00bb300&Prime; js_vertical_centered=\u00a0\u00bbtrue\u00a0\u00bb sidebar=\u00a0\u00bbsidebar-1&Prime;][vc_column][mk_fancy_title color=\u00a0\u00bb#ffffff\u00a0\u00bb size=\u00a0\u00bb35&Prime; font_family=\u00a0\u00bbnone\u00a0\u00bb] \u00c0 PROPOS DE NATHALIE GOTTSCHALK [\/mk_fancy_title][\/vc_column][\/mk_page_section][vc_row][vc_column][mk_padding_divider size=\u00a0\u00bb30&Prime;][mk_padding_divider size=\u00a0\u00bb30&Prime;][\/vc_column][\/vc_row][vc_row][vc_column width=\u00a0\u00bb2\/3&Prime;][mk_fancy_title size=\u00a0\u00bb20&Prime; font_family=\u00a0\u00bbnone\u00a0\u00bb] \u00c9DUCATION ET PARTICIPATION AUPR\u00c8S DE LA COMMUNAUT\u00c9 [\/mk_fancy_title][vc_column_text] Nathalie Gottschalk est une avocate en droit de l\u2019immigration. Elle a exerc\u00e9 dans tous les domaines du droit de l\u2019immigration par liens familiaux et [&hellip;]<\/p>\n","protected":false},"author":1,"featured_media":0,"parent":0,"menu_order":0,"comment_status":"closed","ping_status":"closed","template":"","meta":{"footnotes":""},"class_list":["post-34","page","type-page","status-publish","hentry"],"_links":{"self":[{"href":"https:\/\/www.gottschalk.law\/fr\/wp-json\/wp\/v2\/pages\/34","targetHints":{"allow":["GET"]}}],"collection":[{"href":"https:\/\/www.gottschalk.law\/fr\/wp-json\/wp\/v2\/pages"}],"about":[{"href":"https:\/\/www.gottschalk.law\/fr\/wp-json\/wp\/v2\/types\/page"}],"author":[{"embeddable":true,"href":"https:\/\/www.gottschalk.law\/fr\/wp-json\/wp\/v2\/users\/1"}],"replies":[{"embeddable":true,"href":"https:\/\/www.gottschalk.law\/fr\/wp-json\/wp\/v2\/comments?post=34"}],"version-history":[{"count":19,"href":"https:\/\/www.gottschalk.law\/fr\/wp-json\/wp\/v2\/pages\/34\/revisions"}],"predecessor-version":[{"id":616,"href":"https:\/\/www.gottschalk.law\/fr\/wp-json\/wp\/v2\/pages\/34\/revisions\/616"}],"wp:attachment":[{"href":"https:\/\/www.gottschalk.law\/fr\/wp-json\/wp\/v2\/media?parent=34"}],"curies":[{"name":"wp","href":"https:\/\/api.w.org\/{rel}","templated":true}]}}