{"id":53,"date":"2016-08-26T15:51:05","date_gmt":"2016-08-26T15:51:05","guid":{"rendered":"https:\/\/www.moapavalleybuilders.com\/?post_type=model&#038;p=758"},"modified":"2016-10-15T08:14:44","modified_gmt":"2016-10-15T08:14:44","slug":"naturalization","status":"publish","type":"page","link":"https:\/\/www.gottschalk.law\/fr\/naturalization\/","title":{"rendered":"NATURALISATION"},"content":{"rendered":"<div class=\"wpb-content-wrapper\">[mk_page_section bg_image=\u00a0\u00bbhttps:\/\/www.gottschalk.law\/wp-content\/uploads\/sites\/22\/2016\/08\/im3.jpg\u00a0\u00bb bg_repeat=\u00a0\u00bbno-repeat\u00a0\u00bb bg_stretch=\u00a0\u00bbtrue\u00a0\u00bb video_color_mask=\u00a0\u00bb#212121&Prime; min_height=\u00a0\u00bb300&Prime; js_vertical_centered=\u00a0\u00bbtrue\u00a0\u00bb sidebar=\u00a0\u00bbsidebar-1&Prime;][vc_column][mk_fancy_title color=\u00a0\u00bb#ffffff\u00a0\u00bb size=\u00a0\u00bb35&Prime; font_family=\u00a0\u00bbnone\u00a0\u00bb]\n<p style=\"text-align: center\">NATURALISATION<\/p>\n[\/mk_fancy_title][\/vc_column][\/mk_page_section][vc_row][vc_column][mk_padding_divider][mk_fancy_title size=\u00a0\u00bb20&Prime; font_family=\u00a0\u00bbnone\u00a0\u00bb]\n<p class=\"font_7\" style=\"text-align: center\"><strong>La loi permet \u00e0 un r\u00e9sident permanent de devenir un citoyen des \u00c9-U s\u2019il respecte les crit\u00e8res suivants :<\/strong><\/p>\n[\/mk_fancy_title][vc_column_text]\n<ul>\n<li>\u00catre un r\u00e9sident permanent l\u00e9gitime des \u00c9tats-Unis durant 5 ans, ou 3 ans si le requ\u00e9rant est mari\u00e9 \u00e0 un citoyen des \u00c9-U durant 3 ans (des exceptions existent \u00e0 cette r\u00e8gle pour les personnes qui ont servi honorablement dans les Forces arm\u00e9es am\u00e9ricaines) ;<\/li>\n<li>\u00catre physiquement pr\u00e9sent aux \u00c9tats-Unis pour plus de 50% de la p\u00e9riode de r\u00e9sidence requise ;<\/li>\n<li>\u00catre une personne de bonne moralit\u00e9 pendant la p\u00e9riode de r\u00e9sidence requise ;<\/li>\n<li>Avoir la volont\u00e9 de pr\u00eater un serment d\u2019all\u00e9geance aux \u00c9tats-Unis ;<\/li>\n<li>\u00catre capable de parler, de lire et d\u2019\u00e9crire des mots et des phrases simples en anglais (il existe certaines exceptions \u00e0 cette r\u00e8gle) ; et<\/li>\n<li>R\u00e9ussir un examen sur l\u2019histoire des \u00c9tats-Unis et de son gouvernement.<\/li>\n<\/ul>\n[\/vc_column_text][mk_padding_divider][mk_fancy_title size=\u00a0\u00bb20&Prime; font_family=\u00a0\u00bbnone\u00a0\u00bb]\n<p style=\"text-align: center\"><strong>QUESTIONS ET R\u00c9PONSES<br \/>\n<\/strong><\/p>\n[\/mk_fancy_title][vc_column_text]\n<p class=\"font_7\"><strong>Quel est l\u2019avantage de devenir citoyen am\u00e9ricain ? <\/strong><\/p>\n<p class=\"font_7\">Il existe beaucoup d\u2019avantages et cela d\u00e9pend de votre situation. Pour en \u00e9num\u00e9rer quelques-un :<br \/>\nVous pouvez voter lors des \u00e9lections municipales, d\u2019un \u00c9tat ou f\u00e9d\u00e9rales<br \/>\nVous pouvez travailler pour le gouvernement f\u00e9d\u00e9ral<br \/>\nVous pouvez voyager et habiter dans un autre pays sans avoir peur de perdre votre citoyennet\u00e9<br \/>\nSi vous aimez voyager, beaucoup de pays ne demandent pas aux citoyens am\u00e9ricains d\u2019obtenir un visa<br \/>\nVous pouvez soumettre une demande pour que vos proches (parents, \u00e9poux, fr\u00e8re, s\u0153ur, enfant majeur ou mineur) puissent r\u00e9sider aux \u00c9tats-Unis avec un visa d\u2019immigrant.<br \/>\nSi vous devenez citoyen am\u00e9ricain alors que vos enfants ont moins de 18 ans et rencontre d\u2019autres exigences, vos enfants pourraient automatiquement devenir des citoyens am\u00e9ricains \u00e9galement.<\/p>\n<p class=\"font_7\"><strong>Combien de temps dure le processus ? <\/strong><\/p>\n<p class=\"font_7\">Cela d\u00e9pend de l\u2019\u00c9tat dans lequel vous r\u00e9sidez. Au Nevada, le processus peut prendre environ 3-4 mois \u00e0 partir de moment o\u00f9 vous soumettez votre demande.<\/p>\n<p class=\"font_7\"><strong>En quoi consiste l\u2019examen d\u2019histoire et du gouvernement des \u00c9tats-Unis ?<\/strong><\/p>\n<p class=\"font_7\">Vous devrez r\u00e9pondre \u00e0 10 des 100 questions que vous devez \u00e9tudier. Afin de r\u00e9ussir l\u2019examen, vous devez r\u00e9ussir 6 de ces 10 questions.<\/p>\n<p class=\"font_7\">\u00a0Voici un guide d\u2019\u00e9tude pour le test de l\u2019USCIS<\/p>\n<p><a href=\"http:\/\/www.uscis.gov\/citizenship\/quiz\/learners\/study-test\/study-materials-civics-test\/naturalization-self-test-1\">http:\/\/www.uscis.gov\/citizenship\/quiz\/learners\/study-test\/study-materials-civics-test\/naturalization-self-test-1<\/a>[\/vc_column_text][\/vc_column][\/vc_row]\n<\/div>","protected":false},"excerpt":{"rendered":"<p>[mk_page_section bg_image=\u00a0\u00bbhttps:\/\/www.gottschalk.law\/wp-content\/uploads\/sites\/22\/2016\/08\/im3.jpg\u00a0\u00bb bg_repeat=\u00a0\u00bbno-repeat\u00a0\u00bb bg_stretch=\u00a0\u00bbtrue\u00a0\u00bb video_color_mask=\u00a0\u00bb#212121&Prime; min_height=\u00a0\u00bb300&Prime; js_vertical_centered=\u00a0\u00bbtrue\u00a0\u00bb sidebar=\u00a0\u00bbsidebar-1&Prime;][vc_column][mk_fancy_title color=\u00a0\u00bb#ffffff\u00a0\u00bb size=\u00a0\u00bb35&Prime; font_family=\u00a0\u00bbnone\u00a0\u00bb] NATURALISATION [\/mk_fancy_title][\/vc_column][\/mk_page_section][vc_row][vc_column][mk_padding_divider][mk_fancy_title size=\u00a0\u00bb20&Prime; font_family=\u00a0\u00bbnone\u00a0\u00bb] La loi permet \u00e0 un r\u00e9sident permanent de devenir un citoyen des \u00c9-U s\u2019il respecte les crit\u00e8res suivants : [\/mk_fancy_title][vc_column_text] \u00catre un r\u00e9sident permanent l\u00e9gitime des \u00c9tats-Unis durant 5 ans, ou 3 ans si le requ\u00e9rant est mari\u00e9 \u00e0 un [&hellip;]<\/p>\n","protected":false},"author":1,"featured_media":0,"parent":0,"menu_order":0,"comment_status":"closed","ping_status":"closed","template":"","meta":{"footnotes":""},"class_list":["post-53","page","type-page","status-publish","hentry"],"_links":{"self":[{"href":"https:\/\/www.gottschalk.law\/fr\/wp-json\/wp\/v2\/pages\/53","targetHints":{"allow":["GET"]}}],"collection":[{"href":"https:\/\/www.gottschalk.law\/fr\/wp-json\/wp\/v2\/pages"}],"about":[{"href":"https:\/\/www.gottschalk.law\/fr\/wp-json\/wp\/v2\/types\/page"}],"author":[{"embeddable":true,"href":"https:\/\/www.gottschalk.law\/fr\/wp-json\/wp\/v2\/users\/1"}],"replies":[{"embeddable":true,"href":"https:\/\/www.gottschalk.law\/fr\/wp-json\/wp\/v2\/comments?post=53"}],"version-history":[{"count":10,"href":"https:\/\/www.gottschalk.law\/fr\/wp-json\/wp\/v2\/pages\/53\/revisions"}],"predecessor-version":[{"id":348,"href":"https:\/\/www.gottschalk.law\/fr\/wp-json\/wp\/v2\/pages\/53\/revisions\/348"}],"wp:attachment":[{"href":"https:\/\/www.gottschalk.law\/fr\/wp-json\/wp\/v2\/media?parent=53"}],"curies":[{"name":"wp","href":"https:\/\/api.w.org\/{rel}","templated":true}]}}