{"id":93,"date":"2016-08-26T18:18:10","date_gmt":"2016-08-26T18:18:10","guid":{"rendered":"https:\/\/www.moapavalleybuilders.com\/?post_type=model&#038;p=758"},"modified":"2017-03-11T18:06:26","modified_gmt":"2017-03-11T18:06:26","slug":"temporary-work-visas","status":"publish","type":"page","link":"https:\/\/www.gottschalk.law\/fr\/temporary-work-visas\/","title":{"rendered":"Visas \u00e9tudiants et emploi temporaire"},"content":{"rendered":"<div class=\"wpb-content-wrapper\">[mk_page_section bg_image=\u00a0\u00bbhttps:\/\/www.gottschalk.law\/wp-content\/uploads\/sites\/22\/2016\/11\/20161029_143100.jpg\u00a0\u00bb bg_position=\u00a0\u00bbcenter center\u00a0\u00bb bg_repeat=\u00a0\u00bbno-repeat\u00a0\u00bb bg_stretch=\u00a0\u00bbtrue\u00a0\u00bb video_color_mask=\u00a0\u00bb#f97352&Prime; video_opacity=\u00a0\u00bb0.3&Prime; min_height=\u00a0\u00bb400&Prime; js_vertical_centered=\u00a0\u00bbtrue\u00a0\u00bb sidebar=\u00a0\u00bbsidebar-1&Prime;][vc_column][mk_fancy_title color=\u00a0\u00bb#ffffff\u00a0\u00bb size=\u00a0\u00bb35&Prime; font_family=\u00a0\u00bbnone\u00a0\u00bb]\n<p style=\"text-align: center\">Visas \u00e9tudiants et emploi temporaire<\/p>\n[\/mk_fancy_title][vc_column_text]\n<p style=\"text-align: center\"><span style=\"color: #ffffff\">L\u2019objectif d\u2019un visa temporaire (non-immigrant) est de permettre \u00e0 une personne d\u2019entrer aux \u00c9-U temporairement pour une fin pr\u00e9cise ou pour une p\u00e9riode de temps d\u00e9finie. <\/span><\/p>\n[\/vc_column_text][\/vc_column][\/mk_page_section][vc_row][vc_column width=\u00a0\u00bb1\/2&Prime;][mk_padding_divider][\/vc_column][vc_column width=\u00a0\u00bb1\/2&Prime;][mk_padding_divider][\/vc_column][\/vc_row][mk_page_section][vc_column width=\u00a0\u00bb1\/2&Prime;][vc_row_inner css=\u00a0\u00bb.vc_custom_1488527605838{background-color: #ffffff !important;}\u00a0\u00bb][vc_column_inner][mk_padding_divider][mk_fancy_title size=\u00a0\u00bb20&Prime; margin_top=\u00a0\u00bb25&Prime; font_family=\u00a0\u00bbnone\u00a0\u00bb]\n<p style=\"text-align: center\"><strong>Visas professionnels <\/strong><\/p>\n[\/mk_fancy_title][vc_single_image image=\u00a0\u00bb188&Prime; img_size=\u00a0\u00bbfull\u00a0\u00bb alignment=\u00a0\u00bbcenter\u00a0\u00bb][\/vc_column_inner][\/vc_row_inner][mk_padding_divider size=\u00a0\u00bb5&Prime;][vc_column_text]\n<p class=\"font_8\" style=\"text-align: justify\">Les visas professionnels sont r\u00e9serv\u00e9s aux individus ayant re\u00e7u une offre d\u2019emploi aux \u00c9tats-Unis, qui d\u00e9tiennent un dipl\u00f4me universitaire, ou l\u2019\u00e9quivalent, d\u2019une dur\u00e9e d\u2019au moins 4 ans et qui demande \u00e0 travailler pour un poste professionnel ou \u00ab sp\u00e9cialis\u00e9 \u00bb reli\u00e9 \u00e0 leur domaine d\u2019\u00e9tude. Chaque cat\u00e9gorie de visa poss\u00e8de ses propres exigences et restrictions.<\/p>\n<ul class=\"font_8\" style=\"text-align: justify\">\n<li>\n<p class=\"font_8\">Les visas H-1B sont d\u00e9di\u00e9s aux employ\u00e9s dits \u00ab qualifi\u00e9s ou sp\u00e9cialis\u00e9s \u00bb ;<\/p>\n<\/li>\n<li>\n<p class=\"font_8\">Les visas TN sont d\u00e9di\u00e9s aux professionnels de l\u2019ALENA citoyens du Canada ou du Mexique ;<\/p>\n<\/li>\n<li>\n<p class=\"font_8\">Les visas E3 sont d\u00e9di\u00e9s aux ressortissants de l\u2019Australie pour occuper un poste sp\u00e9cialis\u00e9 avec un employeur am\u00e9ricain ;<\/p>\n<\/li>\n<li>\n<p class=\"font_8\">Les visas H1-1B1 sont offerts aux citoyens du Chili et du Singapour pour occuper un poste sp\u00e9cialis\u00e9 avec un employeur am\u00e9ricain ;<\/p>\n<\/li>\n<\/ul>\n[\/vc_column_text][vc_row_inner css=\u00a0\u00bb.vc_custom_1488527744638{background-color: #ffffff !important;}\u00a0\u00bb][vc_column_inner][mk_padding_divider][mk_fancy_title size=\u00a0\u00bb20&Prime; margin_top=\u00a0\u00bb20&Prime; font_family=\u00a0\u00bbnone\u00a0\u00bb]\n<p style=\"text-align: center\"><strong>Visas d&rsquo;\u00e9tudiants et d&rsquo;\u00e9change<\/strong><\/p>\n[\/mk_fancy_title][vc_single_image image=\u00a0\u00bb191&Prime; img_size=\u00a0\u00bbfull\u00a0\u00bb alignment=\u00a0\u00bbcenter\u00a0\u00bb][\/vc_column_inner][\/vc_row_inner][mk_padding_divider size=\u00a0\u00bb5&Prime;][vc_column_text]\n<div id=\"i3ur45mr_0\" class=\"s1\">\n<p class=\"font_8\" style=\"text-align: justify\">Ces visas temporaires sont d\u00e9di\u00e9s aux individus souhaitant \u00e9tudier un programme complet d\u2019\u00e9tudes ou devenir un stagiaire dans un domaine d\u2019\u00e9tude pr\u00e9cis aux \u00c9-U. Chaque cat\u00e9gorie de visa poss\u00e8de ses propres exigences et restrictions.<\/p>\n<ul class=\"font_8\">\n<li style=\"text-align: justify\">\n<p class=\"font_8\">Les visas F1 sont d\u00e9di\u00e9s aux \u00e9tudiants souhaitant suivre un programme complet d\u2019\u00e9tudes \u00e0 \u00e9tablissement priv\u00e9 d\u2019\u00e9tudes sup\u00e9rieures approuv\u00e9 par l\u2019ICE (Service de l\u2019immigration et des douanes) en conformit\u00e9 avec le SEVIS (Syst\u00e8me d\u2019information relatif aux \u00e9tudiants et aux stagiaires)<\/p>\n<\/li>\n<li style=\"text-align: justify\">\n<p class=\"font_8\">\u00a0Les visas M sont destin\u00e9s aux \u00e9tudiants souhaitant suivre des \u00e9tudes non acad\u00e9miques ou professionnelles dans une institution non universitaire<\/p>\n<\/li>\n<li style=\"text-align: justify\">\n<p class=\"font_8\">Les visas J sont offerts aux professeurs, aux sp\u00e9cialistes en recherche, aux m\u00e9decins \u00e9trangers, aux conseillers, aux pairs, aux \u00e9tudiants d\u2019\u00e9t\u00e9, aux stagiaires ou aux enseignants qui cherchent \u00e0 effectuer un stage dans le domaine d\u2019\u00e9tude du stagiaire durant une p\u00e9riode limit\u00e9e.<\/p>\n<\/li>\n<li>\n<p class=\"font_8\" style=\"text-align: justify\">Les visas H-3 sont offerts aux stagiaires non \u00e9tudiants et non reli\u00e9s au domaine m\u00e9dical. Cette cat\u00e9gorie peut s\u2019appliquer \u00e0 une formation pratique de l\u2019\u00e9ducation d\u2019un enfant handicap\u00e9.<\/p>\n<\/li>\n<\/ul>\n<\/div>\n[\/vc_column_text][vc_row_inner css=\u00a0\u00bb.vc_custom_1488527857791{background-color: #ffffff !important;}\u00a0\u00bb][vc_column_inner][mk_padding_divider][mk_fancy_title size=\u00a0\u00bb20&Prime; margin_top=\u00a0\u00bb20&Prime; font_family=\u00a0\u00bbnone\u00a0\u00bb]\n<p style=\"text-align: center\"><strong>Visas d\u2019ordre religieux<\/strong><\/p>\n[\/mk_fancy_title][vc_single_image image=\u00a0\u00bb186&Prime; img_size=\u00a0\u00bbfull\u00a0\u00bb alignment=\u00a0\u00bbcenter\u00a0\u00bb][\/vc_column_inner][\/vc_row_inner][mk_padding_divider size=\u00a0\u00bb5&Prime;][vc_column_text]\n<div id=\"i3vwalam\" class=\"s1\">\n<p class=\"font_8\" style=\"text-align: justify\">Les visas d\u2019ordre religieux sont pour les travailleurs religieux qui sont membres d\u2019un groupe religieux durant au moins 2 ans pr\u00e9c\u00e9dant la date de la demande et qui cherchent \u00e0 r\u00e9aliser une vocation religieuse ou occuper un poste traditionnel religieux aux \u00c9-U.<\/p>\n<p class=\"font_7\" style=\"text-align: justify\">L\u2019USCIS peut accorder le statut R-1 pour une p\u00e9riode initiale d\u2019admission jusqu\u2019\u00e0 30 mois. Des prolongements subs\u00e9quents peuvent \u00eatre accord\u00e9s jusqu\u2019\u00e0 30 mois additionnels. La p\u00e9riode totale du s\u00e9jour du demandeur aux \u00c9tats-Unis pour la cat\u00e9gorie R-1 ne peut pas d\u00e9passer 5 ans (60 mois).<\/p>\n<p class=\"font_7\" style=\"text-align: justify\">L\u2019USCIS compte seulement le temps pass\u00e9 physiquement aux \u00c9tats-Unis aux fins d\u2019un statut R-1 valide pour le calcul de la p\u00e9riode maximale de s\u00e9jour.<\/p>\n<p class=\"font_7\" style=\"text-align: justify\">L\u2019\u00e9poux ou les enfants non mari\u00e9s \u00e2g\u00e9s de 21 et moins du travailleur religieux peuvent \u00eatre qualifi\u00e9s pour la cat\u00e9gorie R-2. Une personne \u00e0 charge R-2 n\u2019est pas autoris\u00e9e \u00e0 accepter de l\u2019emploi fond\u00e9 sur cette cat\u00e9gorie de visa.<\/p>\n<\/div>\n[\/vc_column_text][\/vc_column][vc_column width=\u00a0\u00bb1\/2&Prime;][vc_row_inner css=\u00a0\u00bb.vc_custom_1488527598244{background-color: #ffffff !important;}\u00a0\u00bb][vc_column_inner][mk_padding_divider][mk_fancy_title size=\u00a0\u00bb20&Prime; margin_top=\u00a0\u00bb20&Prime; font_family=\u00a0\u00bbnone\u00a0\u00bb]\n<p style=\"text-align: center\"><strong>Visas P, Q et O <\/strong><\/p>\n[\/mk_fancy_title][vc_single_image image=\u00a0\u00bb444&Prime; img_size=\u00a0\u00bbfull\u00a0\u00bb alignment=\u00a0\u00bbcenter\u00a0\u00bb][\/vc_column_inner][\/vc_row_inner][mk_padding_divider size=\u00a0\u00bb5&Prime;][vc_column_text]\n<ul class=\"font_8\">\n<li>\n<p class=\"font_8\" style=\"text-align: justify\">Les visas P sont d\u00e9di\u00e9s aux employ\u00e9s temporaires qui demande de travailler aux \u00c9-U en tant que com\u00e9dien, artiste ou qui font partie d\u2019un groupe reconnu en divertissement ou d\u2019une \u00e9quipe sportive.<\/p>\n<\/li>\n<li style=\"text-align: justify\">\n<p class=\"font_8\">Les visas O sont destin\u00e9s aux individus qui poss\u00e8de des comp\u00e9tences exceptionnelles dans le domaine de la science, des arts, de l\u2019\u00e9ducation, des affaires ou du sport et cr\u00e9ation cin\u00e9matographique ou en production t\u00e9l\u00e9visuelle.<\/p>\n<\/li>\n<li>\n<p class=\"font_8\" style=\"text-align: justify\">Les visas Q sont destin\u00e9s aux individus qui demandent de participer dans un programme international d\u2019\u00e9change culturel pour fournir une formation pratique, un emploi ou pour partager l\u2019histoire, la culture et les traditions du pays d\u2019origine de l\u2019individu.<\/p>\n<\/li>\n<\/ul>\n[\/vc_column_text][vc_row_inner css=\u00a0\u00bb.vc_custom_1488527749811{background-color: #ffffff !important;}\u00a0\u00bb][vc_column_inner][mk_padding_divider size=\u00a0\u00bb20&Prime;][mk_fancy_title size=\u00a0\u00bb20&Prime; margin_top=\u00a0\u00bb20&Prime; font_family=\u00a0\u00bbnone\u00a0\u00bb]\n<p style=\"text-align: center\"><strong>Investisseurs et transferts intra-entreprise <\/strong><\/p>\n[\/mk_fancy_title][vc_single_image image=\u00a0\u00bb187&Prime; img_size=\u00a0\u00bbfull\u00a0\u00bb alignment=\u00a0\u00bbcenter\u00a0\u00bb][\/vc_column_inner][\/vc_row_inner][vc_row_inner][vc_column_inner][mk_padding_divider size=\u00a0\u00bb5&Prime;][vc_column_text]\n<p class=\"font_8\" style=\"text-align: justify\">Les visas E sont r\u00e9serv\u00e9s aux commer\u00e7ants et aux investisseurs. Les \u00c9-U doivent avoir un trait\u00e9 sign\u00e9\/ un accord bilat\u00e9ral d\u2019investissement entre le pays d\u2019origine du demandeur (pays signataire) et le ressortissant demandeur doit d\u00e9tenir au moins 50% des parts de la soci\u00e9t\u00e9 am\u00e9ricaine. Pour se qualifier, le demandeur doit :<\/p>\n<ul class=\"font_8\" style=\"text-align: justify\">\n<li>\n<p class=\"font_8\">Chercher \u00e0 entrer aux \u00c9-U pour une p\u00e9riode ind\u00e9termin\u00e9e ;<\/p>\n<\/li>\n<li>\n<p class=\"font_8\">Continuer le commerce international entre les \u00c9-U et le pays d\u2019origine du ressortissant demandeur (visa E1) ; ou<\/p>\n<\/li>\n<li>\n<p class=\"font_8\">Cr\u00e9er une soci\u00e9t\u00e9 dans laquelle le demandeur a investi ou cherche \u00e0 investir un \u00ab montant substantiel \u00bb d\u2019argent (visa E2) ; ou<\/p>\n<\/li>\n<li>\n<p class=\"font_8\">\u00catre un employ\u00e9 \u00ab essentiel \u00bb de la soci\u00e9t\u00e9 aux \u00c9-U.<\/p>\n<\/li>\n<\/ul>\n<p class=\"font_8\" style=\"text-align: justify\">Les visas L sont destin\u00e9s aux employ\u00e9s qui ont travaill\u00e9 \u00e0 l\u2019\u00e9tranger pendant 12 mois pour une agence, une filiale, une succursale ou une entreprise associ\u00e9e de la soci\u00e9t\u00e9 am\u00e9ricaine demanderesse. Les visas L1A sont offerts aux gestionnaires ou aux cadres qui viennent travailler dans la soci\u00e9t\u00e9 am\u00e9ricaine en tant que gestionnaire\/cadre. Les demandeurs L1B sont admissibles \u00e0 travailler s\u2019il\/elle poss\u00e8de des connaissances sp\u00e9cialis\u00e9es du produit, du service, de la recherche, des techniques ou poss\u00e8de un \u00ab niveau avanc\u00e9 \u00bb de connaissances des processus et des proc\u00e9dures de la soci\u00e9t\u00e9 aux \u00c9-U.<\/p>\n[\/vc_column_text][\/vc_column_inner][\/vc_row_inner][vc_row_inner css=\u00a0\u00bb.vc_custom_1488527850729{background-color: #ffffff !important;}\u00a0\u00bb][vc_column_inner][mk_padding_divider][mk_fancy_title size=\u00a0\u00bb20&Prime; margin_top=\u00a0\u00bb20&Prime; font_family=\u00a0\u00bbnone\u00a0\u00bb]\n<p style=\"text-align: center\"><strong>Visas d\u2019ordre saisonnier et agricole <\/strong><\/p>\n[\/mk_fancy_title][vc_single_image image=\u00a0\u00bb445&Prime; img_size=\u00a0\u00bbfull\u00a0\u00bb alignment=\u00a0\u00bbcenter\u00a0\u00bb][\/vc_column_inner][\/vc_row_inner][mk_padding_divider size=\u00a0\u00bb5&Prime;][vc_column_text]\n<p class=\"font_8\" style=\"text-align: justify\">Les visas H-2B sont d\u00e9di\u00e9s aux travailleurs temporaires qui cherche \u00e0 travailler aux \u00c9-U temporairement pour un employeur qui peut d\u00e9montrer, par un processus de certification de travail, que :<\/p>\n<ul class=\"font_8\" style=\"text-align: justify\">\n<li>\n<p class=\"font_8\">Il n\u2019y a pas suffisamment de travailleurs am\u00e9ricains qui sont disponibles pour faire l\u2019emploi temporaire ;<\/p>\n<\/li>\n<li>\n<p class=\"font_8\">Les travailleurs H-2B n\u2019auront pas d\u2019effet n\u00e9gatif sur les salaires et les conditions de travail des employ\u00e9s am\u00e9ricains ayant un poste similaire ; et<\/p>\n<\/li>\n<li>\n<p class=\"font_8\">Le besoin de l\u2019employ\u00e9 est saisonnier, intermittent, ponctuel ou selon la pointe de travail<\/p>\n<\/li>\n<\/ul>\n<p class=\"font_8\" style=\"text-align: justify\">Cette cat\u00e9gorie fait l\u2019objet d\u2019une limitation de nombre de visas \u00e0 \u00e9mettre par ann\u00e9e et est limit\u00e9e aux ressortissants de certains pays. Les ressortissants d\u2019autres pays non d\u00e9sign\u00e9s par l\u2019USCIS peuvent toutefois soumettre une demande s\u2019ils peuvent d\u00e9montrer qu\u2019il est dans l\u2019int\u00e9r\u00eat des \u00c9tats-Unis d\u2019accorder cette demande.<\/p>\n<p class=\"font_8\" style=\"text-align: justify\">Les visas H-2A sont r\u00e9serv\u00e9s aux travailleurs agricoles qui cherchent \u00e0 travailler pour un employeur am\u00e9ricain et que l\u2019offre d\u2019emploi est saisonni\u00e8re et de nature temporaire. Ces visas font l\u2019objet d\u2019un processus de certification de travail par le D\u00e9partement du travail des \u00c9-U.<\/p>\n[\/vc_column_text][\/vc_column][\/mk_page_section]\n<\/div>","protected":false},"excerpt":{"rendered":"<p>[mk_page_section bg_image=\u00a0\u00bbhttps:\/\/www.gottschalk.law\/wp-content\/uploads\/sites\/22\/2016\/11\/20161029_143100.jpg\u00a0\u00bb bg_position=\u00a0\u00bbcenter center\u00a0\u00bb bg_repeat=\u00a0\u00bbno-repeat\u00a0\u00bb bg_stretch=\u00a0\u00bbtrue\u00a0\u00bb video_color_mask=\u00a0\u00bb#f97352&Prime; video_opacity=\u00a0\u00bb0.3&Prime; min_height=\u00a0\u00bb400&Prime; js_vertical_centered=\u00a0\u00bbtrue\u00a0\u00bb sidebar=\u00a0\u00bbsidebar-1&Prime;][vc_column][mk_fancy_title color=\u00a0\u00bb#ffffff\u00a0\u00bb size=\u00a0\u00bb35&Prime; font_family=\u00a0\u00bbnone\u00a0\u00bb] Visas \u00e9tudiants et emploi temporaire [\/mk_fancy_title][vc_column_text] L\u2019objectif d\u2019un visa temporaire (non-immigrant) est de permettre \u00e0 une personne d\u2019entrer aux \u00c9-U temporairement pour une fin pr\u00e9cise ou pour une p\u00e9riode de temps d\u00e9finie. [\/vc_column_text][\/vc_column][\/mk_page_section][vc_row][vc_column width=\u00a0\u00bb1\/2&Prime;][mk_padding_divider][\/vc_column][vc_column width=\u00a0\u00bb1\/2&Prime;][mk_padding_divider][\/vc_column][\/vc_row][mk_page_section][vc_column width=\u00a0\u00bb1\/2&Prime;][vc_row_inner css=\u00a0\u00bb.vc_custom_1488527605838{background-color: #ffffff !important;}\u00a0\u00bb][vc_column_inner][mk_padding_divider][mk_fancy_title size=\u00a0\u00bb20&Prime; margin_top=\u00a0\u00bb25&Prime; [&hellip;]<\/p>\n","protected":false},"author":1,"featured_media":0,"parent":0,"menu_order":0,"comment_status":"closed","ping_status":"closed","template":"","meta":{"footnotes":""},"class_list":["post-93","page","type-page","status-publish","hentry"],"_links":{"self":[{"href":"https:\/\/www.gottschalk.law\/fr\/wp-json\/wp\/v2\/pages\/93","targetHints":{"allow":["GET"]}}],"collection":[{"href":"https:\/\/www.gottschalk.law\/fr\/wp-json\/wp\/v2\/pages"}],"about":[{"href":"https:\/\/www.gottschalk.law\/fr\/wp-json\/wp\/v2\/types\/page"}],"author":[{"embeddable":true,"href":"https:\/\/www.gottschalk.law\/fr\/wp-json\/wp\/v2\/users\/1"}],"replies":[{"embeddable":true,"href":"https:\/\/www.gottschalk.law\/fr\/wp-json\/wp\/v2\/comments?post=93"}],"version-history":[{"count":24,"href":"https:\/\/www.gottschalk.law\/fr\/wp-json\/wp\/v2\/pages\/93\/revisions"}],"predecessor-version":[{"id":500,"href":"https:\/\/www.gottschalk.law\/fr\/wp-json\/wp\/v2\/pages\/93\/revisions\/500"}],"wp:attachment":[{"href":"https:\/\/www.gottschalk.law\/fr\/wp-json\/wp\/v2\/media?parent=93"}],"curies":[{"name":"wp","href":"https:\/\/api.w.org\/{rel}","templated":true}]}}